{"id":5019,"date":"2016-11-21T18:25:35","date_gmt":"2016-11-21T18:25:35","guid":{"rendered":"http:\/\/sexshopzagues.com.mx\/tienda\/?post_type=product&#038;p=5019"},"modified":"2023-03-03T22:27:04","modified_gmt":"2023-03-03T22:27:04","slug":"pipedream-extreme-toyz-fuck-me-silly-bubble-butt","status":"publish","type":"product","link":"https:\/\/sexshopzagues.com.mx\/tienda\/?product=pipedream-extreme-toyz-fuck-me-silly-bubble-butt","title":{"rendered":"Pipedream Extreme Toyz Fuck Me Silly Bubble Butt"},"content":{"rendered":"<p>PRECAUCI\u00d3N: Usted est\u00e1 a punto de experimentar el m\u00e1s grande, m\u00e1s pesado, m\u00e1s realista, m\u00e1s intenso masturbador masculino en el mundo! Recomendamos la cancelaci\u00f3n de todos los planes, la limpieza de su horario, y dedicar un poco de tiempo de calidad a solas para explorar este enorme trasero! Este mega masturbador es la pieza m\u00e1s realista, con mas de 14 kilos, envuelve tu pene dando un placentero masaje, con la firmeza ideal, hecho en material Fanta Flesh, el material mas similar a la piel.<\/p>\n<p>Nalgueala y ver\u00e1s como se mueve, extremadamente real. Simula distintas posiciones. Para penetraci\u00f3n anal y vaginal. Contiene lubricante, loci\u00f3n limpiadora y talco regenerador.<\/p>\n","protected":false},"excerpt":{"rendered":"Mega masturbador realista, ano y vagina.","protected":false},"featured_media":5020,"comment_status":"open","ping_status":"closed","template":"","meta":[],"product_cat":[72,73,66],"product_tag":[82,76],"_links":{"self":[{"href":"https:\/\/sexshopzagues.com.mx\/tienda\/index.php?rest_route=\/wp\/v2\/product\/5019"}],"collection":[{"href":"https:\/\/sexshopzagues.com.mx\/tienda\/index.php?rest_route=\/wp\/v2\/product"}],"about":[{"href":"https:\/\/sexshopzagues.com.mx\/tienda\/index.php?rest_route=\/wp\/v2\/types\/product"}],"replies":[{"embeddable":true,"href":"https:\/\/sexshopzagues.com.mx\/tienda\/index.php?rest_route=%2Fwp%2Fv2%2Fcomments&post=5019"}],"wp:featuredmedia":[{"embeddable":true,"href":"https:\/\/sexshopzagues.com.mx\/tienda\/index.php?rest_route=\/wp\/v2\/media\/5020"}],"wp:attachment":[{"href":"https:\/\/sexshopzagues.com.mx\/tienda\/index.php?rest_route=%2Fwp%2Fv2%2Fmedia&parent=5019"}],"wp:term":[{"taxonomy":"product_cat","embeddable":true,"href":"https:\/\/sexshopzagues.com.mx\/tienda\/index.php?rest_route=%2Fwp%2Fv2%2Fproduct_cat&post=5019"},{"taxonomy":"product_tag","embeddable":true,"href":"https:\/\/sexshopzagues.com.mx\/tienda\/index.php?rest_route=%2Fwp%2Fv2%2Fproduct_tag&post=5019"}],"curies":[{"name":"wp","href":"https:\/\/api.w.org\/{rel}","templated":true}]}}