{"id":5013,"date":"2016-11-19T19:27:40","date_gmt":"2016-11-19T19:27:40","guid":{"rendered":"http:\/\/sexshopzagues.com.mx\/tienda\/?product=aceite-para-masaje-sxo-120ml-pina-colada"},"modified":"2023-03-03T22:35:48","modified_gmt":"2023-03-03T22:35:48","slug":"aceite-para-masaje-sxo-120ml-pina-colada","status":"publish","type":"product","link":"https:\/\/sexshopzagues.com.mx\/tienda\/?product=aceite-para-masaje-sxo-120ml-pina-colada","title":{"rendered":"Aceite para masaje SXO 120ml Pi\u00f1a Colada"},"content":{"rendered":"<p>Acariciar es un arte&#8230; para ello no existe nada igual a un suave y delicado masaje, especialmente si se realiza con un aceite que transmite una sensaci\u00f3n de calor reconfortante y que adem\u00e1s tiene deliciosos sabores que ser\u00e1n irresistibles al beso. Contenido 120ml.<\/p>\n","protected":false},"excerpt":{"rendered":"Aceite para masaje t\u00e9rmico.","protected":false},"featured_media":5014,"comment_status":"open","ping_status":"closed","template":"","meta":[],"product_cat":[64],"product_tag":[114],"_links":{"self":[{"href":"https:\/\/sexshopzagues.com.mx\/tienda\/index.php?rest_route=\/wp\/v2\/product\/5013"}],"collection":[{"href":"https:\/\/sexshopzagues.com.mx\/tienda\/index.php?rest_route=\/wp\/v2\/product"}],"about":[{"href":"https:\/\/sexshopzagues.com.mx\/tienda\/index.php?rest_route=\/wp\/v2\/types\/product"}],"replies":[{"embeddable":true,"href":"https:\/\/sexshopzagues.com.mx\/tienda\/index.php?rest_route=%2Fwp%2Fv2%2Fcomments&post=5013"}],"wp:featuredmedia":[{"embeddable":true,"href":"https:\/\/sexshopzagues.com.mx\/tienda\/index.php?rest_route=\/wp\/v2\/media\/5014"}],"wp:attachment":[{"href":"https:\/\/sexshopzagues.com.mx\/tienda\/index.php?rest_route=%2Fwp%2Fv2%2Fmedia&parent=5013"}],"wp:term":[{"taxonomy":"product_cat","embeddable":true,"href":"https:\/\/sexshopzagues.com.mx\/tienda\/index.php?rest_route=%2Fwp%2Fv2%2Fproduct_cat&post=5013"},{"taxonomy":"product_tag","embeddable":true,"href":"https:\/\/sexshopzagues.com.mx\/tienda\/index.php?rest_route=%2Fwp%2Fv2%2Fproduct_tag&post=5013"}],"curies":[{"name":"wp","href":"https:\/\/api.w.org\/{rel}","templated":true}]}}