{"id":4911,"date":"2016-11-18T22:37:46","date_gmt":"2016-11-18T22:37:46","guid":{"rendered":"http:\/\/sexshopzagues.com.mx\/tienda\/?product=real-feel-deluxe-no-10-10-flesh"},"modified":"2023-03-07T21:21:07","modified_gmt":"2023-03-07T21:21:07","slug":"real-feel-deluxe-no-10-10-flesh","status":"publish","type":"product","link":"https:\/\/sexshopzagues.com.mx\/tienda\/?product=real-feel-deluxe-no-10-10-flesh","title":{"rendered":"Real Feel Deluxe No. 10 10&#8243; Flesh"},"content":{"rendered":"<p>Vive las sensaciones m\u00e1s reales posibles con este super vibrador de forma y materiales super real\u00edsticos. Con cabeza protuberante, venas marcadas y test\u00edculos. El Real Feel Deluxe proporciona intenso placer, gracias a su forma, tama\u00f1o y material Fanta Flesh. Cuenta con poderosa vibraci\u00f3n, es compatible con arn\u00e9s, ventosa ultra fuerte que se adhiere a cualquier superficie lisa y soporta los movimientos; pesta\u00f1a en ventosa para f\u00e1cil liberaci\u00f3n. A prueba de agua. Medidas: 22.6cm de largo y 6.2cm. de di\u00e1metro.<\/p>\n","protected":false},"excerpt":{"rendered":"Vibrador de material real\u00edsta con ventosa.","protected":false},"featured_media":4912,"comment_status":"open","ping_status":"closed","template":"","meta":[],"product_cat":[73,58,57],"product_tag":[96,84,82,76,85],"_links":{"self":[{"href":"https:\/\/sexshopzagues.com.mx\/tienda\/index.php?rest_route=\/wp\/v2\/product\/4911"}],"collection":[{"href":"https:\/\/sexshopzagues.com.mx\/tienda\/index.php?rest_route=\/wp\/v2\/product"}],"about":[{"href":"https:\/\/sexshopzagues.com.mx\/tienda\/index.php?rest_route=\/wp\/v2\/types\/product"}],"replies":[{"embeddable":true,"href":"https:\/\/sexshopzagues.com.mx\/tienda\/index.php?rest_route=%2Fwp%2Fv2%2Fcomments&post=4911"}],"wp:featuredmedia":[{"embeddable":true,"href":"https:\/\/sexshopzagues.com.mx\/tienda\/index.php?rest_route=\/wp\/v2\/media\/4912"}],"wp:attachment":[{"href":"https:\/\/sexshopzagues.com.mx\/tienda\/index.php?rest_route=%2Fwp%2Fv2%2Fmedia&parent=4911"}],"wp:term":[{"taxonomy":"product_cat","embeddable":true,"href":"https:\/\/sexshopzagues.com.mx\/tienda\/index.php?rest_route=%2Fwp%2Fv2%2Fproduct_cat&post=4911"},{"taxonomy":"product_tag","embeddable":true,"href":"https:\/\/sexshopzagues.com.mx\/tienda\/index.php?rest_route=%2Fwp%2Fv2%2Fproduct_tag&post=4911"}],"curies":[{"name":"wp","href":"https:\/\/api.w.org\/{rel}","templated":true}]}}