{"id":4876,"date":"2016-11-17T22:06:28","date_gmt":"2016-11-17T22:06:28","guid":{"rendered":"http:\/\/sexshopzagues.com.mx\/tienda\/?product=real-feel-deluxe-no-5-8-brown"},"modified":"2021-09-04T21:29:45","modified_gmt":"2021-09-04T21:29:45","slug":"real-feel-deluxe-no-5-8-brown","status":"publish","type":"product","link":"https:\/\/sexshopzagues.com.mx\/tienda\/?product=real-feel-deluxe-no-5-8-brown","title":{"rendered":"Real Feel Deluxe No. 5 8&#8243; Brown"},"content":{"rendered":"<p>Vive las sensaciones m\u00e1s reales posibles con este super vibrador de forma y materiales super real\u00edsticos. Con cabeza protuberante, venas marcadas y test\u00edculos. El Real Feel Deluxe proporciona intenso placer, gracias a su forma, tama\u00f1o y material Fanta Flesh. Cuenta con poderosa vibraci\u00f3n, es compatible con arn\u00e9s, ventosa ultra fuerte que se adhiere a cualquier superficie lisa y soporta los movimientos; pesta\u00f1a en ventosa para f\u00e1cil liberaci\u00f3n. A prueba de agua. Medidas: 18cm de largo y 5.4cm de ancho.<\/p>\n","protected":false},"excerpt":{"rendered":"Vibrador de material real\u00edsta con ventosa.","protected":false},"featured_media":4877,"comment_status":"open","ping_status":"closed","template":"","meta":[],"product_cat":[57],"product_tag":[96,84,82,76,85],"_links":{"self":[{"href":"https:\/\/sexshopzagues.com.mx\/tienda\/index.php?rest_route=\/wp\/v2\/product\/4876"}],"collection":[{"href":"https:\/\/sexshopzagues.com.mx\/tienda\/index.php?rest_route=\/wp\/v2\/product"}],"about":[{"href":"https:\/\/sexshopzagues.com.mx\/tienda\/index.php?rest_route=\/wp\/v2\/types\/product"}],"replies":[{"embeddable":true,"href":"https:\/\/sexshopzagues.com.mx\/tienda\/index.php?rest_route=%2Fwp%2Fv2%2Fcomments&post=4876"}],"wp:featuredmedia":[{"embeddable":true,"href":"https:\/\/sexshopzagues.com.mx\/tienda\/index.php?rest_route=\/wp\/v2\/media\/4877"}],"wp:attachment":[{"href":"https:\/\/sexshopzagues.com.mx\/tienda\/index.php?rest_route=%2Fwp%2Fv2%2Fmedia&parent=4876"}],"wp:term":[{"taxonomy":"product_cat","embeddable":true,"href":"https:\/\/sexshopzagues.com.mx\/tienda\/index.php?rest_route=%2Fwp%2Fv2%2Fproduct_cat&post=4876"},{"taxonomy":"product_tag","embeddable":true,"href":"https:\/\/sexshopzagues.com.mx\/tienda\/index.php?rest_route=%2Fwp%2Fv2%2Fproduct_tag&post=4876"}],"curies":[{"name":"wp","href":"https:\/\/api.w.org\/{rel}","templated":true}]}}