{"id":4687,"date":"2016-11-10T20:06:11","date_gmt":"2016-11-10T20:06:11","guid":{"rendered":"http:\/\/sexshopzagues.com.mx\/tienda\/?post_type=product&#038;p=4687"},"modified":"2023-03-07T21:33:44","modified_gmt":"2023-03-07T21:33:44","slug":"sassy-anal-beads-pink","status":"publish","type":"product","link":"https:\/\/sexshopzagues.com.mx\/tienda\/?product=sassy-anal-beads-pink","title":{"rendered":"SASSY Anal Beads Pink"},"content":{"rendered":"<p>Bolitas anales graduadas, flexibles, con aro para f\u00e1cil inserci\u00f3n y extracci\u00f3n, ideales para principiantes.<\/p>\n","protected":false},"excerpt":{"rendered":"Bolitas anales graduadas.","protected":false},"featured_media":4688,"comment_status":"open","ping_status":"closed","template":"","meta":[],"product_cat":[170,56],"product_tag":[186,77],"_links":{"self":[{"href":"https:\/\/sexshopzagues.com.mx\/tienda\/index.php?rest_route=\/wp\/v2\/product\/4687"}],"collection":[{"href":"https:\/\/sexshopzagues.com.mx\/tienda\/index.php?rest_route=\/wp\/v2\/product"}],"about":[{"href":"https:\/\/sexshopzagues.com.mx\/tienda\/index.php?rest_route=\/wp\/v2\/types\/product"}],"replies":[{"embeddable":true,"href":"https:\/\/sexshopzagues.com.mx\/tienda\/index.php?rest_route=%2Fwp%2Fv2%2Fcomments&post=4687"}],"wp:featuredmedia":[{"embeddable":true,"href":"https:\/\/sexshopzagues.com.mx\/tienda\/index.php?rest_route=\/wp\/v2\/media\/4688"}],"wp:attachment":[{"href":"https:\/\/sexshopzagues.com.mx\/tienda\/index.php?rest_route=%2Fwp%2Fv2%2Fmedia&parent=4687"}],"wp:term":[{"taxonomy":"product_cat","embeddable":true,"href":"https:\/\/sexshopzagues.com.mx\/tienda\/index.php?rest_route=%2Fwp%2Fv2%2Fproduct_cat&post=4687"},{"taxonomy":"product_tag","embeddable":true,"href":"https:\/\/sexshopzagues.com.mx\/tienda\/index.php?rest_route=%2Fwp%2Fv2%2Fproduct_tag&post=4687"}],"curies":[{"name":"wp","href":"https:\/\/api.w.org\/{rel}","templated":true}]}}