{"id":4660,"date":"2016-11-09T19:04:19","date_gmt":"2016-11-09T19:04:19","guid":{"rendered":"http:\/\/sexshopzagues.com.mx\/tienda\/?post_type=product&#038;p=4660"},"modified":"2023-03-07T21:35:04","modified_gmt":"2023-03-07T21:35:04","slug":"manq-fire-in-the-hole","status":"publish","type":"product","link":"https:\/\/sexshopzagues.com.mx\/tienda\/?product=manq-fire-in-the-hole","title":{"rendered":"Man&#8217;Q Fire In The Hole !"},"content":{"rendered":"<p>Masturbador con forma, tama\u00f1o y material s\u00faper real\u00edsticos. Tuneles acanalados para una penetracion mas satisfactoria, lo cual har\u00e1 a\u00fan mas natural tu experiencia. Vibraci\u00f3n regulable de ligero a intenso. Incluye lubricante.<\/p>\n","protected":false},"excerpt":{"rendered":"Masturbador ano y vagina, realista.","protected":false},"featured_media":4661,"comment_status":"open","ping_status":"closed","template":"","meta":[],"product_cat":[72,159,66],"product_tag":[77,190,82],"_links":{"self":[{"href":"https:\/\/sexshopzagues.com.mx\/tienda\/index.php?rest_route=\/wp\/v2\/product\/4660"}],"collection":[{"href":"https:\/\/sexshopzagues.com.mx\/tienda\/index.php?rest_route=\/wp\/v2\/product"}],"about":[{"href":"https:\/\/sexshopzagues.com.mx\/tienda\/index.php?rest_route=\/wp\/v2\/types\/product"}],"replies":[{"embeddable":true,"href":"https:\/\/sexshopzagues.com.mx\/tienda\/index.php?rest_route=%2Fwp%2Fv2%2Fcomments&post=4660"}],"wp:featuredmedia":[{"embeddable":true,"href":"https:\/\/sexshopzagues.com.mx\/tienda\/index.php?rest_route=\/wp\/v2\/media\/4661"}],"wp:attachment":[{"href":"https:\/\/sexshopzagues.com.mx\/tienda\/index.php?rest_route=%2Fwp%2Fv2%2Fmedia&parent=4660"}],"wp:term":[{"taxonomy":"product_cat","embeddable":true,"href":"https:\/\/sexshopzagues.com.mx\/tienda\/index.php?rest_route=%2Fwp%2Fv2%2Fproduct_cat&post=4660"},{"taxonomy":"product_tag","embeddable":true,"href":"https:\/\/sexshopzagues.com.mx\/tienda\/index.php?rest_route=%2Fwp%2Fv2%2Fproduct_tag&post=4660"}],"curies":[{"name":"wp","href":"https:\/\/api.w.org\/{rel}","templated":true}]}}