{"id":4640,"date":"2016-11-07T23:34:39","date_gmt":"2016-11-07T23:34:39","guid":{"rendered":"http:\/\/sexshopzagues.com.mx\/tienda\/?post_type=product&#038;p=4640"},"modified":"2023-03-07T21:36:01","modified_gmt":"2023-03-07T21:36:01","slug":"elbow-grease-hot-cream-4-oz","status":"publish","type":"product","link":"https:\/\/sexshopzagues.com.mx\/tienda\/?product=elbow-grease-hot-cream-4-oz","title":{"rendered":"Elbow Grease Hot Cream 4 oz"},"content":{"rendered":"<p>Elbow Grease Hot Cream, es de consistencia espesa como la f\u00f3rmula original, pero se calienta. El agente de calentamiento en la f\u00f3rmula es el mentol.<br \/>\nElbow Grease Hot es un lubricante seguro de larga duraci\u00f3n que proporciona una sensaci\u00f3n de calentamiento dise\u00f1ado espec\u00edficamente para mejorar su experiencia sexual anal. Las cremas de Elbow Grease solo se deben de utilizar con condones de poliuretano y no deben de ser utilizados con condones de l\u00e1tex.<\/p>\n","protected":false},"excerpt":{"rendered":"Crema anal, base aceite.","protected":false},"featured_media":4641,"comment_status":"open","ping_status":"closed","template":"","meta":[],"product_cat":[173,56,59],"product_tag":[207],"_links":{"self":[{"href":"https:\/\/sexshopzagues.com.mx\/tienda\/index.php?rest_route=\/wp\/v2\/product\/4640"}],"collection":[{"href":"https:\/\/sexshopzagues.com.mx\/tienda\/index.php?rest_route=\/wp\/v2\/product"}],"about":[{"href":"https:\/\/sexshopzagues.com.mx\/tienda\/index.php?rest_route=\/wp\/v2\/types\/product"}],"replies":[{"embeddable":true,"href":"https:\/\/sexshopzagues.com.mx\/tienda\/index.php?rest_route=%2Fwp%2Fv2%2Fcomments&post=4640"}],"wp:featuredmedia":[{"embeddable":true,"href":"https:\/\/sexshopzagues.com.mx\/tienda\/index.php?rest_route=\/wp\/v2\/media\/4641"}],"wp:attachment":[{"href":"https:\/\/sexshopzagues.com.mx\/tienda\/index.php?rest_route=%2Fwp%2Fv2%2Fmedia&parent=4640"}],"wp:term":[{"taxonomy":"product_cat","embeddable":true,"href":"https:\/\/sexshopzagues.com.mx\/tienda\/index.php?rest_route=%2Fwp%2Fv2%2Fproduct_cat&post=4640"},{"taxonomy":"product_tag","embeddable":true,"href":"https:\/\/sexshopzagues.com.mx\/tienda\/index.php?rest_route=%2Fwp%2Fv2%2Fproduct_tag&post=4640"}],"curies":[{"name":"wp","href":"https:\/\/api.w.org\/{rel}","templated":true}]}}