{"id":4637,"date":"2016-11-07T22:19:53","date_gmt":"2016-11-07T22:19:53","guid":{"rendered":"http:\/\/sexshopzagues.com.mx\/tienda\/?post_type=product&#038;p=4637"},"modified":"2023-03-07T21:36:31","modified_gmt":"2023-03-07T21:36:31","slug":"elbow-grease-original-cream-4oz","status":"publish","type":"product","link":"https:\/\/sexshopzagues.com.mx\/tienda\/?product=elbow-grease-original-cream-4oz","title":{"rendered":"Elbow Grease Original Cream 4oz"},"content":{"rendered":"<p>Es una crema espesa a base de aceite. Su viscosidad es exquisita. La f\u00f3rmula original a sido la favorita por muchos a\u00f1os.<br \/>\nElbow Grease Original es un lubricante seguro de larga duraci\u00f3n dise\u00f1ado espec\u00edficamente para mejorar su experiencia sexual anal. Las cremas de Elbow Grease solo se deben de utilizar con condones de poliuretano y no deben de ser utilizados con condones de l\u00e1tex.<\/p>\n","protected":false},"excerpt":{"rendered":"Crema anal, base aceite.","protected":false},"featured_media":4638,"comment_status":"open","ping_status":"closed","template":"","meta":[],"product_cat":[173,56,59],"product_tag":[207],"_links":{"self":[{"href":"https:\/\/sexshopzagues.com.mx\/tienda\/index.php?rest_route=\/wp\/v2\/product\/4637"}],"collection":[{"href":"https:\/\/sexshopzagues.com.mx\/tienda\/index.php?rest_route=\/wp\/v2\/product"}],"about":[{"href":"https:\/\/sexshopzagues.com.mx\/tienda\/index.php?rest_route=\/wp\/v2\/types\/product"}],"replies":[{"embeddable":true,"href":"https:\/\/sexshopzagues.com.mx\/tienda\/index.php?rest_route=%2Fwp%2Fv2%2Fcomments&post=4637"}],"wp:featuredmedia":[{"embeddable":true,"href":"https:\/\/sexshopzagues.com.mx\/tienda\/index.php?rest_route=\/wp\/v2\/media\/4638"}],"wp:attachment":[{"href":"https:\/\/sexshopzagues.com.mx\/tienda\/index.php?rest_route=%2Fwp%2Fv2%2Fmedia&parent=4637"}],"wp:term":[{"taxonomy":"product_cat","embeddable":true,"href":"https:\/\/sexshopzagues.com.mx\/tienda\/index.php?rest_route=%2Fwp%2Fv2%2Fproduct_cat&post=4637"},{"taxonomy":"product_tag","embeddable":true,"href":"https:\/\/sexshopzagues.com.mx\/tienda\/index.php?rest_route=%2Fwp%2Fv2%2Fproduct_tag&post=4637"}],"curies":[{"name":"wp","href":"https:\/\/api.w.org\/{rel}","templated":true}]}}