{"id":4581,"date":"2016-10-22T18:10:42","date_gmt":"2016-10-22T18:10:42","guid":{"rendered":"http:\/\/sexshopzagues.com.mx\/tienda\/?post_type=product&#038;p=4581"},"modified":"2023-03-07T21:40:13","modified_gmt":"2023-03-07T21:40:13","slug":"fetish-fantasy-series-silicone-heart-flapper","status":"publish","type":"product","link":"https:\/\/sexshopzagues.com.mx\/tienda\/?product=fetish-fantasy-series-silicone-heart-flapper","title":{"rendered":"Fetish Fantasy Series Silicone Heart Flapper"},"content":{"rendered":"<p>Mu\u00e9strale quien tiene el control, con este coraz\u00f3n de silic\u00f3n, ultra durable, buena opci\u00f3n para cambiar el cl\u00e1sico l\u00e1tigo.<\/p>\n","protected":false},"excerpt":{"rendered":"Fusta de silic\u00f3n con dise\u00f1o de coraz\u00f3n.","protected":false},"featured_media":4582,"comment_status":"open","ping_status":"closed","template":"","meta":[],"product_cat":[160,53],"product_tag":[76],"_links":{"self":[{"href":"https:\/\/sexshopzagues.com.mx\/tienda\/index.php?rest_route=\/wp\/v2\/product\/4581"}],"collection":[{"href":"https:\/\/sexshopzagues.com.mx\/tienda\/index.php?rest_route=\/wp\/v2\/product"}],"about":[{"href":"https:\/\/sexshopzagues.com.mx\/tienda\/index.php?rest_route=\/wp\/v2\/types\/product"}],"replies":[{"embeddable":true,"href":"https:\/\/sexshopzagues.com.mx\/tienda\/index.php?rest_route=%2Fwp%2Fv2%2Fcomments&post=4581"}],"wp:featuredmedia":[{"embeddable":true,"href":"https:\/\/sexshopzagues.com.mx\/tienda\/index.php?rest_route=\/wp\/v2\/media\/4582"}],"wp:attachment":[{"href":"https:\/\/sexshopzagues.com.mx\/tienda\/index.php?rest_route=%2Fwp%2Fv2%2Fmedia&parent=4581"}],"wp:term":[{"taxonomy":"product_cat","embeddable":true,"href":"https:\/\/sexshopzagues.com.mx\/tienda\/index.php?rest_route=%2Fwp%2Fv2%2Fproduct_cat&post=4581"},{"taxonomy":"product_tag","embeddable":true,"href":"https:\/\/sexshopzagues.com.mx\/tienda\/index.php?rest_route=%2Fwp%2Fv2%2Fproduct_tag&post=4581"}],"curies":[{"name":"wp","href":"https:\/\/api.w.org\/{rel}","templated":true}]}}