{"id":4578,"date":"2016-10-22T18:05:31","date_gmt":"2016-10-22T18:05:31","guid":{"rendered":"http:\/\/sexshopzagues.com.mx\/tienda\/?post_type=product&#038;p=4578"},"modified":"2023-03-07T21:41:35","modified_gmt":"2023-03-07T21:41:35","slug":"fetish-fantasy-series-silicone-spade","status":"publish","type":"product","link":"https:\/\/sexshopzagues.com.mx\/tienda\/?product=fetish-fantasy-series-silicone-spade","title":{"rendered":"Fetish Fantasy Series Silicone Spade"},"content":{"rendered":"<p>Muestrale quien tiene el control, con este coraz\u00f3n de silic\u00f3n, ultra durable, buena opci\u00f3n para cambiar el cl\u00e1sico l\u00e1tigo.<\/p>\n","protected":false},"excerpt":{"rendered":"Fusta de silic\u00f3n.","protected":false},"featured_media":4579,"comment_status":"open","ping_status":"closed","template":"","meta":[],"product_cat":[160,53],"product_tag":[76],"_links":{"self":[{"href":"https:\/\/sexshopzagues.com.mx\/tienda\/index.php?rest_route=\/wp\/v2\/product\/4578"}],"collection":[{"href":"https:\/\/sexshopzagues.com.mx\/tienda\/index.php?rest_route=\/wp\/v2\/product"}],"about":[{"href":"https:\/\/sexshopzagues.com.mx\/tienda\/index.php?rest_route=\/wp\/v2\/types\/product"}],"replies":[{"embeddable":true,"href":"https:\/\/sexshopzagues.com.mx\/tienda\/index.php?rest_route=%2Fwp%2Fv2%2Fcomments&post=4578"}],"wp:featuredmedia":[{"embeddable":true,"href":"https:\/\/sexshopzagues.com.mx\/tienda\/index.php?rest_route=\/wp\/v2\/media\/4579"}],"wp:attachment":[{"href":"https:\/\/sexshopzagues.com.mx\/tienda\/index.php?rest_route=%2Fwp%2Fv2%2Fmedia&parent=4578"}],"wp:term":[{"taxonomy":"product_cat","embeddable":true,"href":"https:\/\/sexshopzagues.com.mx\/tienda\/index.php?rest_route=%2Fwp%2Fv2%2Fproduct_cat&post=4578"},{"taxonomy":"product_tag","embeddable":true,"href":"https:\/\/sexshopzagues.com.mx\/tienda\/index.php?rest_route=%2Fwp%2Fv2%2Fproduct_tag&post=4578"}],"curies":[{"name":"wp","href":"https:\/\/api.w.org\/{rel}","templated":true}]}}