{"id":4544,"date":"2016-10-21T23:59:39","date_gmt":"2016-10-21T23:59:39","guid":{"rendered":"http:\/\/sexshopzagues.com.mx\/tienda\/?product=fetish-fantasy-series-8-hollow-strap-on-flesh"},"modified":"2023-03-07T21:46:13","modified_gmt":"2023-03-07T21:46:13","slug":"fetish-fantasy-series-8-hollow-strap-on-flesh","status":"publish","type":"product","link":"https:\/\/sexshopzagues.com.mx\/tienda\/?product=fetish-fantasy-series-8-hollow-strap-on-flesh","title":{"rendered":"Fetish Fantasy Series 8&#8243; Hollow Strap-On Flesh"},"content":{"rendered":"<p>Arn\u00e9s de L\u00e1tex con correa ajustable a tu cuerpo, c\u00f3modo, ideal para ambos. Perfecciona el encuentro de mujer-a-mujer. El Pene hueco puede tambi\u00e9n asistir a hombres con dificultad de erecci\u00f3n. Medidas: 20.3cm x 5.1cm<\/p>\n","protected":false},"excerpt":{"rendered":"Arn\u00e9s hueco.","protected":false},"featured_media":4545,"comment_status":"open","ping_status":"closed","template":"","meta":[],"product_cat":[63,58],"product_tag":[76],"_links":{"self":[{"href":"https:\/\/sexshopzagues.com.mx\/tienda\/index.php?rest_route=\/wp\/v2\/product\/4544"}],"collection":[{"href":"https:\/\/sexshopzagues.com.mx\/tienda\/index.php?rest_route=\/wp\/v2\/product"}],"about":[{"href":"https:\/\/sexshopzagues.com.mx\/tienda\/index.php?rest_route=\/wp\/v2\/types\/product"}],"replies":[{"embeddable":true,"href":"https:\/\/sexshopzagues.com.mx\/tienda\/index.php?rest_route=%2Fwp%2Fv2%2Fcomments&post=4544"}],"wp:featuredmedia":[{"embeddable":true,"href":"https:\/\/sexshopzagues.com.mx\/tienda\/index.php?rest_route=\/wp\/v2\/media\/4545"}],"wp:attachment":[{"href":"https:\/\/sexshopzagues.com.mx\/tienda\/index.php?rest_route=%2Fwp%2Fv2%2Fmedia&parent=4544"}],"wp:term":[{"taxonomy":"product_cat","embeddable":true,"href":"https:\/\/sexshopzagues.com.mx\/tienda\/index.php?rest_route=%2Fwp%2Fv2%2Fproduct_cat&post=4544"},{"taxonomy":"product_tag","embeddable":true,"href":"https:\/\/sexshopzagues.com.mx\/tienda\/index.php?rest_route=%2Fwp%2Fv2%2Fproduct_tag&post=4544"}],"curies":[{"name":"wp","href":"https:\/\/api.w.org\/{rel}","templated":true}]}}