{"id":4429,"date":"2016-10-20T21:46:03","date_gmt":"2016-10-20T21:46:03","guid":{"rendered":"http:\/\/sexshopzagues.com.mx\/tienda\/?product=fetish-fantasy-series-original-furry-cuffs-leopard"},"modified":"2023-03-07T21:58:36","modified_gmt":"2023-03-07T21:58:36","slug":"fetish-fantasy-series-original-furry-cuffs-leopard","status":"publish","type":"product","link":"https:\/\/sexshopzagues.com.mx\/tienda\/?product=fetish-fantasy-series-original-furry-cuffs-leopard","title":{"rendered":"Fetish Fantasy Series Original Furry Cuffs Leopard"},"content":{"rendered":"<p>Esposas con peluche, m\u00e1s acojinadas, mucho m\u00e1s c\u00f3modas, no lastiman, sexy accesorio. El mecanismo de bloqueo tiene un bot\u00f3n de liberaci\u00f3n r\u00e1pida en caso de que se pierda la llave, o bien, eso le hagas creer a tu pareja.<\/p>\n","protected":false},"excerpt":{"rendered":"Esposas con peluche acojinadas.","protected":false},"featured_media":4430,"comment_status":"open","ping_status":"closed","template":"","meta":[],"product_cat":[160,53],"product_tag":[76],"_links":{"self":[{"href":"https:\/\/sexshopzagues.com.mx\/tienda\/index.php?rest_route=\/wp\/v2\/product\/4429"}],"collection":[{"href":"https:\/\/sexshopzagues.com.mx\/tienda\/index.php?rest_route=\/wp\/v2\/product"}],"about":[{"href":"https:\/\/sexshopzagues.com.mx\/tienda\/index.php?rest_route=\/wp\/v2\/types\/product"}],"replies":[{"embeddable":true,"href":"https:\/\/sexshopzagues.com.mx\/tienda\/index.php?rest_route=%2Fwp%2Fv2%2Fcomments&post=4429"}],"wp:featuredmedia":[{"embeddable":true,"href":"https:\/\/sexshopzagues.com.mx\/tienda\/index.php?rest_route=\/wp\/v2\/media\/4430"}],"wp:attachment":[{"href":"https:\/\/sexshopzagues.com.mx\/tienda\/index.php?rest_route=%2Fwp%2Fv2%2Fmedia&parent=4429"}],"wp:term":[{"taxonomy":"product_cat","embeddable":true,"href":"https:\/\/sexshopzagues.com.mx\/tienda\/index.php?rest_route=%2Fwp%2Fv2%2Fproduct_cat&post=4429"},{"taxonomy":"product_tag","embeddable":true,"href":"https:\/\/sexshopzagues.com.mx\/tienda\/index.php?rest_route=%2Fwp%2Fv2%2Fproduct_tag&post=4429"}],"curies":[{"name":"wp","href":"https:\/\/api.w.org\/{rel}","templated":true}]}}