{"id":4392,"date":"2016-10-20T19:52:11","date_gmt":"2016-10-20T19:52:11","guid":{"rendered":"http:\/\/sexshopzagues.com.mx\/tienda\/?product=fetish-fantasy-series-designer-metal-handcuffs-black"},"modified":"2023-03-07T22:01:47","modified_gmt":"2023-03-07T22:01:47","slug":"fetish-fantasy-series-designer-metal-handcuffs-black","status":"publish","type":"product","link":"https:\/\/sexshopzagues.com.mx\/tienda\/?product=fetish-fantasy-series-designer-metal-handcuffs-black","title":{"rendered":"Fetish Fantasy Series Designer Metal Handcuffs Black"},"content":{"rendered":"<p>Sorprende a tu pareja con estas esposas met\u00e1licas con color. El mecanismo de bloqueo tiene un bot\u00f3n de liberaci\u00f3n r\u00e1pida en caso de que se pierda la llave, o bien, eso le hagas creer a tu pareja. Dise\u00f1o robusto, hechas as\u00ed para poder jugar rudo.<\/p>\n","protected":false},"excerpt":{"rendered":"Esposas met\u00e1licas de color.","protected":false},"featured_media":4393,"comment_status":"open","ping_status":"closed","template":"","meta":[],"product_cat":[160,53],"product_tag":[245,246,76,124],"_links":{"self":[{"href":"https:\/\/sexshopzagues.com.mx\/tienda\/index.php?rest_route=\/wp\/v2\/product\/4392"}],"collection":[{"href":"https:\/\/sexshopzagues.com.mx\/tienda\/index.php?rest_route=\/wp\/v2\/product"}],"about":[{"href":"https:\/\/sexshopzagues.com.mx\/tienda\/index.php?rest_route=\/wp\/v2\/types\/product"}],"replies":[{"embeddable":true,"href":"https:\/\/sexshopzagues.com.mx\/tienda\/index.php?rest_route=%2Fwp%2Fv2%2Fcomments&post=4392"}],"wp:featuredmedia":[{"embeddable":true,"href":"https:\/\/sexshopzagues.com.mx\/tienda\/index.php?rest_route=\/wp\/v2\/media\/4393"}],"wp:attachment":[{"href":"https:\/\/sexshopzagues.com.mx\/tienda\/index.php?rest_route=%2Fwp%2Fv2%2Fmedia&parent=4392"}],"wp:term":[{"taxonomy":"product_cat","embeddable":true,"href":"https:\/\/sexshopzagues.com.mx\/tienda\/index.php?rest_route=%2Fwp%2Fv2%2Fproduct_cat&post=4392"},{"taxonomy":"product_tag","embeddable":true,"href":"https:\/\/sexshopzagues.com.mx\/tienda\/index.php?rest_route=%2Fwp%2Fv2%2Fproduct_tag&post=4392"}],"curies":[{"name":"wp","href":"https:\/\/api.w.org\/{rel}","templated":true}]}}