{"id":4370,"date":"2016-10-20T19:25:58","date_gmt":"2016-10-20T19:25:58","guid":{"rendered":"http:\/\/sexshopzagues.com.mx\/tienda\/?post_type=product&#038;p=4370"},"modified":"2023-03-07T22:04:02","modified_gmt":"2023-03-07T22:04:02","slug":"fetish-fantasy-series-beginners-metal-cuffs","status":"publish","type":"product","link":"https:\/\/sexshopzagues.com.mx\/tienda\/?product=fetish-fantasy-series-beginners-metal-cuffs","title":{"rendered":"Fetish Fantasy Series Beginner&#8217;s Metal Cuffs"},"content":{"rendered":"<p>Esposas b\u00e1sicas, ideales para los que inician en este tipo de experiencias. El mecanismo de bloqueo tiene un bot\u00f3n de liberaci\u00f3n r\u00e1pida en caso de que se pierda la llave, o bien, eso le hagas creer a tu pareja. Dise\u00f1o robusto, hechas as\u00ed para poder jugar rudo.<\/p>\n","protected":false},"excerpt":{"rendered":"Esposas ideales para principiantes.","protected":false},"featured_media":4371,"comment_status":"open","ping_status":"closed","template":"","meta":[],"product_cat":[160,53],"product_tag":[245,246,76,124],"_links":{"self":[{"href":"https:\/\/sexshopzagues.com.mx\/tienda\/index.php?rest_route=\/wp\/v2\/product\/4370"}],"collection":[{"href":"https:\/\/sexshopzagues.com.mx\/tienda\/index.php?rest_route=\/wp\/v2\/product"}],"about":[{"href":"https:\/\/sexshopzagues.com.mx\/tienda\/index.php?rest_route=\/wp\/v2\/types\/product"}],"replies":[{"embeddable":true,"href":"https:\/\/sexshopzagues.com.mx\/tienda\/index.php?rest_route=%2Fwp%2Fv2%2Fcomments&post=4370"}],"wp:featuredmedia":[{"embeddable":true,"href":"https:\/\/sexshopzagues.com.mx\/tienda\/index.php?rest_route=\/wp\/v2\/media\/4371"}],"wp:attachment":[{"href":"https:\/\/sexshopzagues.com.mx\/tienda\/index.php?rest_route=%2Fwp%2Fv2%2Fmedia&parent=4370"}],"wp:term":[{"taxonomy":"product_cat","embeddable":true,"href":"https:\/\/sexshopzagues.com.mx\/tienda\/index.php?rest_route=%2Fwp%2Fv2%2Fproduct_cat&post=4370"},{"taxonomy":"product_tag","embeddable":true,"href":"https:\/\/sexshopzagues.com.mx\/tienda\/index.php?rest_route=%2Fwp%2Fv2%2Fproduct_tag&post=4370"}],"curies":[{"name":"wp","href":"https:\/\/api.w.org\/{rel}","templated":true}]}}