{"id":4365,"date":"2016-10-20T19:12:33","date_gmt":"2016-10-20T19:12:33","guid":{"rendered":"http:\/\/sexshopzagues.com.mx\/tienda\/?product=fetish-fantasy-series-beginners-furry-cuffs-black"},"modified":"2023-03-07T22:04:32","modified_gmt":"2023-03-07T22:04:32","slug":"fetish-fantasy-series-beginners-furry-cuffs-black","status":"publish","type":"product","link":"https:\/\/sexshopzagues.com.mx\/tienda\/?product=fetish-fantasy-series-beginners-furry-cuffs-black","title":{"rendered":"Fetish Fantasy Series Beginner&#8217;s Furry Cuffs Black"},"content":{"rendered":"<p>Esposas con peluche (este se le puede retirar) haciendo sexy el accesorio y proporcionando comodidad al que las porta. El mecanismo de bloqueo tiene un bot\u00f3n de liberaci\u00f3n r\u00e1pida en caso de que se pierda la llave, o bien, eso le hagas creer a tu pareja.<\/p>\n","protected":false},"excerpt":{"rendered":"Esposas con peluche.","protected":false},"featured_media":4366,"comment_status":"open","ping_status":"closed","template":"","meta":[],"product_cat":[160,53],"product_tag":[245,246,76,124],"_links":{"self":[{"href":"https:\/\/sexshopzagues.com.mx\/tienda\/index.php?rest_route=\/wp\/v2\/product\/4365"}],"collection":[{"href":"https:\/\/sexshopzagues.com.mx\/tienda\/index.php?rest_route=\/wp\/v2\/product"}],"about":[{"href":"https:\/\/sexshopzagues.com.mx\/tienda\/index.php?rest_route=\/wp\/v2\/types\/product"}],"replies":[{"embeddable":true,"href":"https:\/\/sexshopzagues.com.mx\/tienda\/index.php?rest_route=%2Fwp%2Fv2%2Fcomments&post=4365"}],"wp:featuredmedia":[{"embeddable":true,"href":"https:\/\/sexshopzagues.com.mx\/tienda\/index.php?rest_route=\/wp\/v2\/media\/4366"}],"wp:attachment":[{"href":"https:\/\/sexshopzagues.com.mx\/tienda\/index.php?rest_route=%2Fwp%2Fv2%2Fmedia&parent=4365"}],"wp:term":[{"taxonomy":"product_cat","embeddable":true,"href":"https:\/\/sexshopzagues.com.mx\/tienda\/index.php?rest_route=%2Fwp%2Fv2%2Fproduct_cat&post=4365"},{"taxonomy":"product_tag","embeddable":true,"href":"https:\/\/sexshopzagues.com.mx\/tienda\/index.php?rest_route=%2Fwp%2Fv2%2Fproduct_tag&post=4365"}],"curies":[{"name":"wp","href":"https:\/\/api.w.org\/{rel}","templated":true}]}}