{"id":4229,"date":"2016-10-15T22:21:09","date_gmt":"2016-10-15T22:21:09","guid":{"rendered":"http:\/\/sexshopzagues.com.mx\/tienda\/?product=rotating-12-function-emperor-6-brown"},"modified":"2023-03-07T22:15:45","modified_gmt":"2023-03-07T22:15:45","slug":"rotating-12-function-emperor-6-brown","status":"publish","type":"product","link":"https:\/\/sexshopzagues.com.mx\/tienda\/?product=rotating-12-function-emperor-6-brown","title":{"rendered":"Rotating 12-Function Emp 6&#8243; Brown"},"content":{"rendered":"<p>Vibrador con detalles y material realista. Cuenta con rotaci\u00f3n y vibraci\u00f3n regulable, sincronizadas. 12 Incre\u00edbles frecuencias manipuladas por bot\u00f3n. Con ventosa. Medidas:\u00a015.25cm (insertables) x 4.5cm.<\/p>\n","protected":false},"excerpt":{"rendered":"Vibrador con rotaci\u00f3n y vibraci\u00f3n. 12 Frecuencias.","protected":false},"featured_media":4230,"comment_status":"open","ping_status":"closed","template":"","meta":[],"product_cat":[73,176,57],"product_tag":[75,84,91,82,90,85],"_links":{"self":[{"href":"https:\/\/sexshopzagues.com.mx\/tienda\/index.php?rest_route=\/wp\/v2\/product\/4229"}],"collection":[{"href":"https:\/\/sexshopzagues.com.mx\/tienda\/index.php?rest_route=\/wp\/v2\/product"}],"about":[{"href":"https:\/\/sexshopzagues.com.mx\/tienda\/index.php?rest_route=\/wp\/v2\/types\/product"}],"replies":[{"embeddable":true,"href":"https:\/\/sexshopzagues.com.mx\/tienda\/index.php?rest_route=%2Fwp%2Fv2%2Fcomments&post=4229"}],"wp:featuredmedia":[{"embeddable":true,"href":"https:\/\/sexshopzagues.com.mx\/tienda\/index.php?rest_route=\/wp\/v2\/media\/4230"}],"wp:attachment":[{"href":"https:\/\/sexshopzagues.com.mx\/tienda\/index.php?rest_route=%2Fwp%2Fv2%2Fmedia&parent=4229"}],"wp:term":[{"taxonomy":"product_cat","embeddable":true,"href":"https:\/\/sexshopzagues.com.mx\/tienda\/index.php?rest_route=%2Fwp%2Fv2%2Fproduct_cat&post=4229"},{"taxonomy":"product_tag","embeddable":true,"href":"https:\/\/sexshopzagues.com.mx\/tienda\/index.php?rest_route=%2Fwp%2Fv2%2Fproduct_tag&post=4229"}],"curies":[{"name":"wp","href":"https:\/\/api.w.org\/{rel}","templated":true}]}}