{"id":4178,"date":"2016-10-14T22:04:16","date_gmt":"2016-10-14T22:04:16","guid":{"rendered":"http:\/\/sexshopzagues.com.mx\/tienda\/?product=hung-fun-tongue-clear"},"modified":"2023-03-07T22:18:21","modified_gmt":"2023-03-07T22:18:21","slug":"hung-fun-tongue-clear","status":"publish","type":"product","link":"https:\/\/sexshopzagues.com.mx\/tienda\/?product=hung-fun-tongue-clear","title":{"rendered":"Hung Fun Tongue &#8211; Clear"},"content":{"rendered":"<p>Haz a\u00fan m\u00e1s placentero el sexo oral con este vibrador para colocarse en la lengua, su incre\u00edble vibraci\u00f3n brindar\u00e1 intensas sensaciones a tu pareja. Anillo el\u00e1stico, material suave. Desechable. Negro y Transparente.<\/p>\n","protected":false},"excerpt":{"rendered":"Vibrador para sexo oral.","protected":false},"featured_media":4177,"comment_status":"open","ping_status":"closed","template":"","meta":[],"product_cat":[57],"product_tag":[79],"_links":{"self":[{"href":"https:\/\/sexshopzagues.com.mx\/tienda\/index.php?rest_route=\/wp\/v2\/product\/4178"}],"collection":[{"href":"https:\/\/sexshopzagues.com.mx\/tienda\/index.php?rest_route=\/wp\/v2\/product"}],"about":[{"href":"https:\/\/sexshopzagues.com.mx\/tienda\/index.php?rest_route=\/wp\/v2\/types\/product"}],"replies":[{"embeddable":true,"href":"https:\/\/sexshopzagues.com.mx\/tienda\/index.php?rest_route=%2Fwp%2Fv2%2Fcomments&post=4178"}],"wp:featuredmedia":[{"embeddable":true,"href":"https:\/\/sexshopzagues.com.mx\/tienda\/index.php?rest_route=\/wp\/v2\/media\/4177"}],"wp:attachment":[{"href":"https:\/\/sexshopzagues.com.mx\/tienda\/index.php?rest_route=%2Fwp%2Fv2%2Fmedia&parent=4178"}],"wp:term":[{"taxonomy":"product_cat","embeddable":true,"href":"https:\/\/sexshopzagues.com.mx\/tienda\/index.php?rest_route=%2Fwp%2Fv2%2Fproduct_cat&post=4178"},{"taxonomy":"product_tag","embeddable":true,"href":"https:\/\/sexshopzagues.com.mx\/tienda\/index.php?rest_route=%2Fwp%2Fv2%2Fproduct_tag&post=4178"}],"curies":[{"name":"wp","href":"https:\/\/api.w.org\/{rel}","templated":true}]}}