{"id":4175,"date":"2016-10-14T21:52:35","date_gmt":"2016-10-14T21:52:35","guid":{"rendered":"http:\/\/sexshopzagues.com.mx\/tienda\/?product=hung-anal-butt-plug-black"},"modified":"2019-04-11T18:28:11","modified_gmt":"2019-04-11T18:28:11","slug":"hung-anal-butt-plug-black","status":"publish","type":"product","link":"https:\/\/sexshopzagues.com.mx\/tienda\/?product=hung-anal-butt-plug-black","title":{"rendered":"Hung Anal Butt Plug &#8211; Black"},"content":{"rendered":"<p>Plug anal de silic\u00f3n, suave y flexible, ideal para iniciar, bala vibradora a prueba de agua. Adem\u00e1s, al quitar la bala vibradora, te permite utilizarlo como anillo para mejorar erecci\u00f3n y retardar eyaculaci\u00f3n.<\/p>\n","protected":false},"excerpt":{"rendered":"Plug anal suave, que tambien se puede utilizar como anillo.","protected":false},"featured_media":4174,"comment_status":"open","ping_status":"closed","template":"","meta":[],"product_cat":[56],"product_tag":[96,79],"_links":{"self":[{"href":"https:\/\/sexshopzagues.com.mx\/tienda\/index.php?rest_route=\/wp\/v2\/product\/4175"}],"collection":[{"href":"https:\/\/sexshopzagues.com.mx\/tienda\/index.php?rest_route=\/wp\/v2\/product"}],"about":[{"href":"https:\/\/sexshopzagues.com.mx\/tienda\/index.php?rest_route=\/wp\/v2\/types\/product"}],"replies":[{"embeddable":true,"href":"https:\/\/sexshopzagues.com.mx\/tienda\/index.php?rest_route=%2Fwp%2Fv2%2Fcomments&post=4175"}],"wp:featuredmedia":[{"embeddable":true,"href":"https:\/\/sexshopzagues.com.mx\/tienda\/index.php?rest_route=\/wp\/v2\/media\/4174"}],"wp:attachment":[{"href":"https:\/\/sexshopzagues.com.mx\/tienda\/index.php?rest_route=%2Fwp%2Fv2%2Fmedia&parent=4175"}],"wp:term":[{"taxonomy":"product_cat","embeddable":true,"href":"https:\/\/sexshopzagues.com.mx\/tienda\/index.php?rest_route=%2Fwp%2Fv2%2Fproduct_cat&post=4175"},{"taxonomy":"product_tag","embeddable":true,"href":"https:\/\/sexshopzagues.com.mx\/tienda\/index.php?rest_route=%2Fwp%2Fv2%2Fproduct_tag&post=4175"}],"curies":[{"name":"wp","href":"https:\/\/api.w.org\/{rel}","templated":true}]}}