{"id":4060,"date":"2016-10-10T22:28:33","date_gmt":"2016-10-10T22:28:33","guid":{"rendered":"http:\/\/sexshopzagues.com.mx\/tienda\/?post_type=product&#038;p=4060"},"modified":"2023-03-07T22:22:01","modified_gmt":"2023-03-07T22:22:01","slug":"studded-cock-teaser","status":"publish","type":"product","link":"https:\/\/sexshopzagues.com.mx\/tienda\/?product=studded-cock-teaser","title":{"rendered":"Studded Cock Teaser"},"content":{"rendered":"<p>Funda texturizada con curvatura para estimular punto g o pr\u00f3stata, util\u00edzala sin ning\u00fan problema para el \u00e1rea anal o vaginal intensificando el placer. Adem\u00e1s cuenta con bala vibradora removible. El\u00e1stica y resistente. Material gel.<\/p>\n","protected":false},"excerpt":{"rendered":"Funda texturizada, con curvatura y vibraci\u00f3n.","protected":false},"featured_media":4061,"comment_status":"open","ping_status":"closed","template":"","meta":[],"product_cat":[69],"product_tag":[78,105,86],"_links":{"self":[{"href":"https:\/\/sexshopzagues.com.mx\/tienda\/index.php?rest_route=\/wp\/v2\/product\/4060"}],"collection":[{"href":"https:\/\/sexshopzagues.com.mx\/tienda\/index.php?rest_route=\/wp\/v2\/product"}],"about":[{"href":"https:\/\/sexshopzagues.com.mx\/tienda\/index.php?rest_route=\/wp\/v2\/types\/product"}],"replies":[{"embeddable":true,"href":"https:\/\/sexshopzagues.com.mx\/tienda\/index.php?rest_route=%2Fwp%2Fv2%2Fcomments&post=4060"}],"wp:featuredmedia":[{"embeddable":true,"href":"https:\/\/sexshopzagues.com.mx\/tienda\/index.php?rest_route=\/wp\/v2\/media\/4061"}],"wp:attachment":[{"href":"https:\/\/sexshopzagues.com.mx\/tienda\/index.php?rest_route=%2Fwp%2Fv2%2Fmedia&parent=4060"}],"wp:term":[{"taxonomy":"product_cat","embeddable":true,"href":"https:\/\/sexshopzagues.com.mx\/tienda\/index.php?rest_route=%2Fwp%2Fv2%2Fproduct_cat&post=4060"},{"taxonomy":"product_tag","embeddable":true,"href":"https:\/\/sexshopzagues.com.mx\/tienda\/index.php?rest_route=%2Fwp%2Fv2%2Fproduct_tag&post=4060"}],"curies":[{"name":"wp","href":"https:\/\/api.w.org\/{rel}","templated":true}]}}