{"id":4031,"date":"2016-10-10T19:01:10","date_gmt":"2016-10-10T19:01:10","guid":{"rendered":"http:\/\/sexshopzagues.com.mx\/tienda\/?product=lifelikes-vibrating-royal-baron"},"modified":"2023-03-07T22:25:59","modified_gmt":"2023-03-07T22:25:59","slug":"lifelikes-vibrating-royal-baron","status":"publish","type":"product","link":"https:\/\/sexshopzagues.com.mx\/tienda\/?product=lifelikes-vibrating-royal-baron","title":{"rendered":"Lifelikes &#8211; Vibrating Royal Baron"},"content":{"rendered":"<p>Vibrador de tacto realista, con detalles definidos. Cuenta con test\u00edculos y ventosa, la cual te permitir\u00e1 fijarlo en cualquier superficie lisa y as\u00ed no utilizar las manos, compatible con arn\u00e9s. Vibraci\u00f3n de 3 velocidades. Libre de ftalatos.<\/p>\n","protected":false},"excerpt":{"rendered":"Vibrador de tacto realista.","protected":false},"featured_media":4032,"comment_status":"open","ping_status":"closed","template":"","meta":[],"product_cat":[57],"product_tag":[84,82,78,85],"_links":{"self":[{"href":"https:\/\/sexshopzagues.com.mx\/tienda\/index.php?rest_route=\/wp\/v2\/product\/4031"}],"collection":[{"href":"https:\/\/sexshopzagues.com.mx\/tienda\/index.php?rest_route=\/wp\/v2\/product"}],"about":[{"href":"https:\/\/sexshopzagues.com.mx\/tienda\/index.php?rest_route=\/wp\/v2\/types\/product"}],"replies":[{"embeddable":true,"href":"https:\/\/sexshopzagues.com.mx\/tienda\/index.php?rest_route=%2Fwp%2Fv2%2Fcomments&post=4031"}],"wp:featuredmedia":[{"embeddable":true,"href":"https:\/\/sexshopzagues.com.mx\/tienda\/index.php?rest_route=\/wp\/v2\/media\/4032"}],"wp:attachment":[{"href":"https:\/\/sexshopzagues.com.mx\/tienda\/index.php?rest_route=%2Fwp%2Fv2%2Fmedia&parent=4031"}],"wp:term":[{"taxonomy":"product_cat","embeddable":true,"href":"https:\/\/sexshopzagues.com.mx\/tienda\/index.php?rest_route=%2Fwp%2Fv2%2Fproduct_cat&post=4031"},{"taxonomy":"product_tag","embeddable":true,"href":"https:\/\/sexshopzagues.com.mx\/tienda\/index.php?rest_route=%2Fwp%2Fv2%2Fproduct_tag&post=4031"}],"curies":[{"name":"wp","href":"https:\/\/api.w.org\/{rel}","templated":true}]}}