{"id":4015,"date":"2016-10-08T22:35:51","date_gmt":"2016-10-08T22:35:51","guid":{"rendered":"http:\/\/sexshopzagues.com.mx\/tienda\/?post_type=product&#038;p=4015"},"modified":"2023-03-07T22:26:20","modified_gmt":"2023-03-07T22:26:20","slug":"nubby-sleeve-clear","status":"publish","type":"product","link":"https:\/\/sexshopzagues.com.mx\/tienda\/?product=nubby-sleeve-clear","title":{"rendered":"Nubby Sleeve Clear"},"content":{"rendered":"<p>Funda ultra texturizada con extensi\u00f3n, estimula intensamente paredes vaginales. Cuenta con una liga que sujeta test\u00edculos. Material suave y el\u00e1stico, libre de l\u00e1tex y ftalatos.<\/p>\n","protected":false},"excerpt":{"rendered":"Funda ultra texturizada.","protected":false},"featured_media":4016,"comment_status":"open","ping_status":"closed","template":"","meta":[],"product_cat":[69],"product_tag":[77,92,106],"_links":{"self":[{"href":"https:\/\/sexshopzagues.com.mx\/tienda\/index.php?rest_route=\/wp\/v2\/product\/4015"}],"collection":[{"href":"https:\/\/sexshopzagues.com.mx\/tienda\/index.php?rest_route=\/wp\/v2\/product"}],"about":[{"href":"https:\/\/sexshopzagues.com.mx\/tienda\/index.php?rest_route=\/wp\/v2\/types\/product"}],"replies":[{"embeddable":true,"href":"https:\/\/sexshopzagues.com.mx\/tienda\/index.php?rest_route=%2Fwp%2Fv2%2Fcomments&post=4015"}],"wp:featuredmedia":[{"embeddable":true,"href":"https:\/\/sexshopzagues.com.mx\/tienda\/index.php?rest_route=\/wp\/v2\/media\/4016"}],"wp:attachment":[{"href":"https:\/\/sexshopzagues.com.mx\/tienda\/index.php?rest_route=%2Fwp%2Fv2%2Fmedia&parent=4015"}],"wp:term":[{"taxonomy":"product_cat","embeddable":true,"href":"https:\/\/sexshopzagues.com.mx\/tienda\/index.php?rest_route=%2Fwp%2Fv2%2Fproduct_cat&post=4015"},{"taxonomy":"product_tag","embeddable":true,"href":"https:\/\/sexshopzagues.com.mx\/tienda\/index.php?rest_route=%2Fwp%2Fv2%2Fproduct_tag&post=4015"}],"curies":[{"name":"wp","href":"https:\/\/api.w.org\/{rel}","templated":true}]}}