{"id":3973,"date":"2016-10-08T19:15:55","date_gmt":"2016-10-08T19:15:55","guid":{"rendered":"http:\/\/sexshopzagues.com.mx\/tienda\/?post_type=product&#038;p=3973"},"modified":"2023-03-07T22:26:59","modified_gmt":"2023-03-07T22:26:59","slug":"nipple-sucker-set-for-him","status":"publish","type":"product","link":"https:\/\/sexshopzagues.com.mx\/tienda\/?product=nipple-sucker-set-for-him","title":{"rendered":"Nipple Sucker Set for Him"},"content":{"rendered":"<p>Mini bombas succionadoras para erectar pezones, hacerlos mas sensibles, pr\u00e1cticas y f\u00e1ciles de usar, cuenta con 8 anillos que se utilizan para mantenerlos erectos por m\u00e1s tiempo. Para el.<\/p>\n","protected":false},"excerpt":{"rendered":"Bombas para erectar pezones. El","protected":false},"featured_media":3974,"comment_status":"open","ping_status":"closed","template":"","meta":[],"product_cat":[53],"product_tag":[77],"_links":{"self":[{"href":"https:\/\/sexshopzagues.com.mx\/tienda\/index.php?rest_route=\/wp\/v2\/product\/3973"}],"collection":[{"href":"https:\/\/sexshopzagues.com.mx\/tienda\/index.php?rest_route=\/wp\/v2\/product"}],"about":[{"href":"https:\/\/sexshopzagues.com.mx\/tienda\/index.php?rest_route=\/wp\/v2\/types\/product"}],"replies":[{"embeddable":true,"href":"https:\/\/sexshopzagues.com.mx\/tienda\/index.php?rest_route=%2Fwp%2Fv2%2Fcomments&post=3973"}],"wp:featuredmedia":[{"embeddable":true,"href":"https:\/\/sexshopzagues.com.mx\/tienda\/index.php?rest_route=\/wp\/v2\/media\/3974"}],"wp:attachment":[{"href":"https:\/\/sexshopzagues.com.mx\/tienda\/index.php?rest_route=%2Fwp%2Fv2%2Fmedia&parent=3973"}],"wp:term":[{"taxonomy":"product_cat","embeddable":true,"href":"https:\/\/sexshopzagues.com.mx\/tienda\/index.php?rest_route=%2Fwp%2Fv2%2Fproduct_cat&post=3973"},{"taxonomy":"product_tag","embeddable":true,"href":"https:\/\/sexshopzagues.com.mx\/tienda\/index.php?rest_route=%2Fwp%2Fv2%2Fproduct_tag&post=3973"}],"curies":[{"name":"wp","href":"https:\/\/api.w.org\/{rel}","templated":true}]}}