{"id":3930,"date":"2016-10-06T23:43:42","date_gmt":"2016-10-06T23:43:42","guid":{"rendered":"http:\/\/sexshopzagues.com.mx\/tienda\/?product=ronnie-price-8-3-dildo"},"modified":"2023-03-07T22:31:25","modified_gmt":"2023-03-07T22:31:25","slug":"ronnie-price-8-3-dildo","status":"publish","type":"product","link":"https:\/\/sexshopzagues.com.mx\/tienda\/?product=ronnie-price-8-3-dildo","title":{"rendered":"Ronnie Price 8.3&#8243; Dildo"},"content":{"rendered":"<p>Materiales de la m\u00e1s alta calidad, libres de l\u00e1tex y ftalatos lo que hace a este producto hipoalerg\u00e9nico. Este dildo con test\u00edculos, detalle de venas, glande bien formado y todos los detalles posibles, cuenta con una poderosa ventosa que se adhiere a cualquier superficie lisa, es compatible con arn\u00e9s. Medidas: <em>21cm. \u03a64cm.<\/em><\/p>\n","protected":false},"excerpt":{"rendered":"Dildo de material realista.","protected":false},"featured_media":3931,"comment_status":"open","ping_status":"closed","template":"","meta":[],"product_cat":[58],"product_tag":[77,84,92,82,85],"_links":{"self":[{"href":"https:\/\/sexshopzagues.com.mx\/tienda\/index.php?rest_route=\/wp\/v2\/product\/3930"}],"collection":[{"href":"https:\/\/sexshopzagues.com.mx\/tienda\/index.php?rest_route=\/wp\/v2\/product"}],"about":[{"href":"https:\/\/sexshopzagues.com.mx\/tienda\/index.php?rest_route=\/wp\/v2\/types\/product"}],"replies":[{"embeddable":true,"href":"https:\/\/sexshopzagues.com.mx\/tienda\/index.php?rest_route=%2Fwp%2Fv2%2Fcomments&post=3930"}],"wp:featuredmedia":[{"embeddable":true,"href":"https:\/\/sexshopzagues.com.mx\/tienda\/index.php?rest_route=\/wp\/v2\/media\/3931"}],"wp:attachment":[{"href":"https:\/\/sexshopzagues.com.mx\/tienda\/index.php?rest_route=%2Fwp%2Fv2%2Fmedia&parent=3930"}],"wp:term":[{"taxonomy":"product_cat","embeddable":true,"href":"https:\/\/sexshopzagues.com.mx\/tienda\/index.php?rest_route=%2Fwp%2Fv2%2Fproduct_cat&post=3930"},{"taxonomy":"product_tag","embeddable":true,"href":"https:\/\/sexshopzagues.com.mx\/tienda\/index.php?rest_route=%2Fwp%2Fv2%2Fproduct_tag&post=3930"}],"curies":[{"name":"wp","href":"https:\/\/api.w.org\/{rel}","templated":true}]}}