{"id":3859,"date":"2016-10-05T21:44:29","date_gmt":"2016-10-05T21:44:29","guid":{"rendered":"http:\/\/sexshopzagues.com.mx\/tienda\/?post_type=product&#038;p=3859"},"modified":"2023-03-07T22:35:46","modified_gmt":"2023-03-07T22:35:46","slug":"liquid-virgin-1oz","status":"publish","type":"product","link":"https:\/\/sexshopzagues.com.mx\/tienda\/?product=liquid-virgin-1oz","title":{"rendered":"Liquid Virgin 1oz."},"content":{"rendered":"<p>La experiencia de la primera vez es posible gracias a la exclusiva f\u00f3rmula de Liquid Virgin. Su f\u00f3rmula adem\u00e1s de ser estrechante, te estimular\u00e1. Base agua, extra hidratante y ligeramente perfumada con aroma a fresa. Contenido: 1oz.<\/p>\n","protected":false},"excerpt":{"rendered":"Estrechante vaginal.","protected":false},"featured_media":3860,"comment_status":"open","ping_status":"closed","template":"","meta":[],"product_cat":[102,59],"product_tag":[100,104,79],"_links":{"self":[{"href":"https:\/\/sexshopzagues.com.mx\/tienda\/index.php?rest_route=\/wp\/v2\/product\/3859"}],"collection":[{"href":"https:\/\/sexshopzagues.com.mx\/tienda\/index.php?rest_route=\/wp\/v2\/product"}],"about":[{"href":"https:\/\/sexshopzagues.com.mx\/tienda\/index.php?rest_route=\/wp\/v2\/types\/product"}],"replies":[{"embeddable":true,"href":"https:\/\/sexshopzagues.com.mx\/tienda\/index.php?rest_route=%2Fwp%2Fv2%2Fcomments&post=3859"}],"wp:featuredmedia":[{"embeddable":true,"href":"https:\/\/sexshopzagues.com.mx\/tienda\/index.php?rest_route=\/wp\/v2\/media\/3860"}],"wp:attachment":[{"href":"https:\/\/sexshopzagues.com.mx\/tienda\/index.php?rest_route=%2Fwp%2Fv2%2Fmedia&parent=3859"}],"wp:term":[{"taxonomy":"product_cat","embeddable":true,"href":"https:\/\/sexshopzagues.com.mx\/tienda\/index.php?rest_route=%2Fwp%2Fv2%2Fproduct_cat&post=3859"},{"taxonomy":"product_tag","embeddable":true,"href":"https:\/\/sexshopzagues.com.mx\/tienda\/index.php?rest_route=%2Fwp%2Fv2%2Fproduct_tag&post=3859"}],"curies":[{"name":"wp","href":"https:\/\/api.w.org\/{rel}","templated":true}]}}