{"id":3831,"date":"2016-10-04T19:52:05","date_gmt":"2016-10-04T19:52:05","guid":{"rendered":"http:\/\/sexshopzagues.com.mx\/tienda\/?post_type=product&#038;p=3831"},"modified":"2023-03-07T22:36:45","modified_gmt":"2023-03-07T22:36:45","slug":"timeless-classics-clit-popper","status":"publish","type":"product","link":"https:\/\/sexshopzagues.com.mx\/tienda\/?product=timeless-classics-clit-popper","title":{"rendered":"Timeless Classics Clit Popper"},"content":{"rendered":"<p>Vibrador con la firmeza ideal y flexibilidad. Motor de 7 frecuencias de vibraci\u00f3n, pulsaci\u00f3n y escalas, manipuladas por bot\u00f3n, delgado. Libre de ftalatos, a prueba de agua.<\/p>\n","protected":false},"excerpt":{"rendered":"Vibrador de 7 funciones.","protected":false},"featured_media":3832,"comment_status":"open","ping_status":"closed","template":"","meta":[],"product_cat":[57],"product_tag":[96,91,78],"_links":{"self":[{"href":"https:\/\/sexshopzagues.com.mx\/tienda\/index.php?rest_route=\/wp\/v2\/product\/3831"}],"collection":[{"href":"https:\/\/sexshopzagues.com.mx\/tienda\/index.php?rest_route=\/wp\/v2\/product"}],"about":[{"href":"https:\/\/sexshopzagues.com.mx\/tienda\/index.php?rest_route=\/wp\/v2\/types\/product"}],"replies":[{"embeddable":true,"href":"https:\/\/sexshopzagues.com.mx\/tienda\/index.php?rest_route=%2Fwp%2Fv2%2Fcomments&post=3831"}],"wp:featuredmedia":[{"embeddable":true,"href":"https:\/\/sexshopzagues.com.mx\/tienda\/index.php?rest_route=\/wp\/v2\/media\/3832"}],"wp:attachment":[{"href":"https:\/\/sexshopzagues.com.mx\/tienda\/index.php?rest_route=%2Fwp%2Fv2%2Fmedia&parent=3831"}],"wp:term":[{"taxonomy":"product_cat","embeddable":true,"href":"https:\/\/sexshopzagues.com.mx\/tienda\/index.php?rest_route=%2Fwp%2Fv2%2Fproduct_cat&post=3831"},{"taxonomy":"product_tag","embeddable":true,"href":"https:\/\/sexshopzagues.com.mx\/tienda\/index.php?rest_route=%2Fwp%2Fv2%2Fproduct_tag&post=3831"}],"curies":[{"name":"wp","href":"https:\/\/api.w.org\/{rel}","templated":true}]}}