{"id":3819,"date":"2016-10-04T19:22:01","date_gmt":"2016-10-04T19:22:01","guid":{"rendered":"http:\/\/sexshopzagues.com.mx\/tienda\/?post_type=product&#038;p=3819"},"modified":"2023-03-07T22:37:02","modified_gmt":"2023-03-07T22:37:02","slug":"triple-climax-purple","status":"publish","type":"product","link":"https:\/\/sexshopzagues.com.mx\/tienda\/?product=triple-climax-purple","title":{"rendered":"Triple Climax &#8211; Purple"},"content":{"rendered":"<p>Estimulador triple. Eje con hileras de balines met\u00e1licos que rotan para estimular paredes vaginales, estimulador de ano y cl\u00edtoris. Motor dual, controles f\u00e1ciles de manipular. Material suave, libre de ftalatos, a prueba de agua. 6 velocidades de rotaci\u00f3n y 6 frecuencias.<\/p>\n","protected":false},"excerpt":{"rendered":"Vibrador triple\u00a06 velocidades de rotaci\u00f3n y 6 frecuencias.","protected":false},"featured_media":3820,"comment_status":"open","ping_status":"closed","template":"","meta":[],"product_cat":[57],"product_tag":[96,91,78,90,87],"_links":{"self":[{"href":"https:\/\/sexshopzagues.com.mx\/tienda\/index.php?rest_route=\/wp\/v2\/product\/3819"}],"collection":[{"href":"https:\/\/sexshopzagues.com.mx\/tienda\/index.php?rest_route=\/wp\/v2\/product"}],"about":[{"href":"https:\/\/sexshopzagues.com.mx\/tienda\/index.php?rest_route=\/wp\/v2\/types\/product"}],"replies":[{"embeddable":true,"href":"https:\/\/sexshopzagues.com.mx\/tienda\/index.php?rest_route=%2Fwp%2Fv2%2Fcomments&post=3819"}],"wp:featuredmedia":[{"embeddable":true,"href":"https:\/\/sexshopzagues.com.mx\/tienda\/index.php?rest_route=\/wp\/v2\/media\/3820"}],"wp:attachment":[{"href":"https:\/\/sexshopzagues.com.mx\/tienda\/index.php?rest_route=%2Fwp%2Fv2%2Fmedia&parent=3819"}],"wp:term":[{"taxonomy":"product_cat","embeddable":true,"href":"https:\/\/sexshopzagues.com.mx\/tienda\/index.php?rest_route=%2Fwp%2Fv2%2Fproduct_cat&post=3819"},{"taxonomy":"product_tag","embeddable":true,"href":"https:\/\/sexshopzagues.com.mx\/tienda\/index.php?rest_route=%2Fwp%2Fv2%2Fproduct_tag&post=3819"}],"curies":[{"name":"wp","href":"https:\/\/api.w.org\/{rel}","templated":true}]}}