{"id":3810,"date":"2016-10-04T18:17:27","date_gmt":"2016-10-04T18:17:27","guid":{"rendered":"http:\/\/sexshopzagues.com.mx\/tienda\/?product=ravishing-secret-lover-purple"},"modified":"2023-03-07T22:37:40","modified_gmt":"2023-03-07T22:37:40","slug":"ravishing-secret-lover-purple","status":"publish","type":"product","link":"https:\/\/sexshopzagues.com.mx\/tienda\/?product=ravishing-secret-lover-purple","title":{"rendered":"Ravishing Secret Lover &#8211; Purple"},"content":{"rendered":"<p>Elegancia y suavidad al tacto. Con 10 sensacionales frecuencias de vibraci\u00f3n, pulsaci\u00f3n y escalas, controles f\u00e1ciles de manipular. Con curvatura para estimular punto g. Material 100% silic\u00f3n hipoalerg\u00e9nico, libre de l\u00e1tex y ftalatos. A prueba de agua.<\/p>\n","protected":false},"excerpt":{"rendered":"Vibrador ergon\u00f3mico, 10 frecuencias.","protected":false},"featured_media":3811,"comment_status":"open","ping_status":"closed","template":"","meta":[],"product_cat":[57],"product_tag":[96,91,92,78,86],"_links":{"self":[{"href":"https:\/\/sexshopzagues.com.mx\/tienda\/index.php?rest_route=\/wp\/v2\/product\/3810"}],"collection":[{"href":"https:\/\/sexshopzagues.com.mx\/tienda\/index.php?rest_route=\/wp\/v2\/product"}],"about":[{"href":"https:\/\/sexshopzagues.com.mx\/tienda\/index.php?rest_route=\/wp\/v2\/types\/product"}],"replies":[{"embeddable":true,"href":"https:\/\/sexshopzagues.com.mx\/tienda\/index.php?rest_route=%2Fwp%2Fv2%2Fcomments&post=3810"}],"wp:featuredmedia":[{"embeddable":true,"href":"https:\/\/sexshopzagues.com.mx\/tienda\/index.php?rest_route=\/wp\/v2\/media\/3811"}],"wp:attachment":[{"href":"https:\/\/sexshopzagues.com.mx\/tienda\/index.php?rest_route=%2Fwp%2Fv2%2Fmedia&parent=3810"}],"wp:term":[{"taxonomy":"product_cat","embeddable":true,"href":"https:\/\/sexshopzagues.com.mx\/tienda\/index.php?rest_route=%2Fwp%2Fv2%2Fproduct_cat&post=3810"},{"taxonomy":"product_tag","embeddable":true,"href":"https:\/\/sexshopzagues.com.mx\/tienda\/index.php?rest_route=%2Fwp%2Fv2%2Fproduct_tag&post=3810"}],"curies":[{"name":"wp","href":"https:\/\/api.w.org\/{rel}","templated":true}]}}