{"id":3786,"date":"2016-10-03T19:00:38","date_gmt":"2016-10-03T19:00:38","guid":{"rendered":"http:\/\/sexshopzagues.com.mx\/tienda\/?post_type=product&#038;p=3786"},"modified":"2023-03-07T22:39:15","modified_gmt":"2023-03-07T22:39:15","slug":"climax-bursts-cooling-lubricant","status":"publish","type":"product","link":"https:\/\/sexshopzagues.com.mx\/tienda\/?product=climax-bursts-cooling-lubricant","title":{"rendered":"Climax Bursts Cooling Lubricant"},"content":{"rendered":"<p>Lubricante estimulante de sensaci\u00f3n fr\u00eda, brinda intensa estimulaci\u00f3n a hombre y mujer, con perlas color azul que revientan, enriquecidas con vitamina E, libre de glicerina, base agua en gel. Contenido 118ml.<\/p>\n","protected":false},"excerpt":{"rendered":"Lubricante de efecto fr\u00edo.","protected":false},"featured_media":3787,"comment_status":"open","ping_status":"closed","template":"","meta":[],"product_cat":[59],"product_tag":[100,99],"_links":{"self":[{"href":"https:\/\/sexshopzagues.com.mx\/tienda\/index.php?rest_route=\/wp\/v2\/product\/3786"}],"collection":[{"href":"https:\/\/sexshopzagues.com.mx\/tienda\/index.php?rest_route=\/wp\/v2\/product"}],"about":[{"href":"https:\/\/sexshopzagues.com.mx\/tienda\/index.php?rest_route=\/wp\/v2\/types\/product"}],"replies":[{"embeddable":true,"href":"https:\/\/sexshopzagues.com.mx\/tienda\/index.php?rest_route=%2Fwp%2Fv2%2Fcomments&post=3786"}],"wp:featuredmedia":[{"embeddable":true,"href":"https:\/\/sexshopzagues.com.mx\/tienda\/index.php?rest_route=\/wp\/v2\/media\/3787"}],"wp:attachment":[{"href":"https:\/\/sexshopzagues.com.mx\/tienda\/index.php?rest_route=%2Fwp%2Fv2%2Fmedia&parent=3786"}],"wp:term":[{"taxonomy":"product_cat","embeddable":true,"href":"https:\/\/sexshopzagues.com.mx\/tienda\/index.php?rest_route=%2Fwp%2Fv2%2Fproduct_cat&post=3786"},{"taxonomy":"product_tag","embeddable":true,"href":"https:\/\/sexshopzagues.com.mx\/tienda\/index.php?rest_route=%2Fwp%2Fv2%2Fproduct_tag&post=3786"}],"curies":[{"name":"wp","href":"https:\/\/api.w.org\/{rel}","templated":true}]}}