{"id":3753,"date":"2016-09-30T22:29:29","date_gmt":"2016-09-30T22:29:29","guid":{"rendered":"http:\/\/sexshopzagues.com.mx\/tienda\/?product=sensual-obsession-passion-mate-purple"},"modified":"2023-03-07T22:40:47","modified_gmt":"2023-03-07T22:40:47","slug":"sensual-obsession-passion-mate-purple","status":"publish","type":"product","link":"https:\/\/sexshopzagues.com.mx\/tienda\/?product=sensual-obsession-passion-mate-purple","title":{"rendered":"Sensual Obsession Passion Mate &#8211; Purple"},"content":{"rendered":"<p>Vibrador de gel con potente motor de 5 funciones de vibraci\u00f3n, pulsaci\u00f3n y escalas, manipuladas por bot\u00f3n. De material resistente, suave y flexible, a prueba de agua.<\/p>\n","protected":false},"excerpt":{"rendered":"Vibrador de gel, 5 funciones.","protected":false},"featured_media":3754,"comment_status":"open","ping_status":"closed","template":"","meta":[],"product_cat":[73,57],"product_tag":[96,91,78],"_links":{"self":[{"href":"https:\/\/sexshopzagues.com.mx\/tienda\/index.php?rest_route=\/wp\/v2\/product\/3753"}],"collection":[{"href":"https:\/\/sexshopzagues.com.mx\/tienda\/index.php?rest_route=\/wp\/v2\/product"}],"about":[{"href":"https:\/\/sexshopzagues.com.mx\/tienda\/index.php?rest_route=\/wp\/v2\/types\/product"}],"replies":[{"embeddable":true,"href":"https:\/\/sexshopzagues.com.mx\/tienda\/index.php?rest_route=%2Fwp%2Fv2%2Fcomments&post=3753"}],"wp:featuredmedia":[{"embeddable":true,"href":"https:\/\/sexshopzagues.com.mx\/tienda\/index.php?rest_route=\/wp\/v2\/media\/3754"}],"wp:attachment":[{"href":"https:\/\/sexshopzagues.com.mx\/tienda\/index.php?rest_route=%2Fwp%2Fv2%2Fmedia&parent=3753"}],"wp:term":[{"taxonomy":"product_cat","embeddable":true,"href":"https:\/\/sexshopzagues.com.mx\/tienda\/index.php?rest_route=%2Fwp%2Fv2%2Fproduct_cat&post=3753"},{"taxonomy":"product_tag","embeddable":true,"href":"https:\/\/sexshopzagues.com.mx\/tienda\/index.php?rest_route=%2Fwp%2Fv2%2Fproduct_tag&post=3753"}],"curies":[{"name":"wp","href":"https:\/\/api.w.org\/{rel}","templated":true}]}}