{"id":3720,"date":"2016-09-30T20:49:41","date_gmt":"2016-09-30T20:49:41","guid":{"rendered":"http:\/\/sexshopzagues.com.mx\/tienda\/?product=natural-skin-clit-popper"},"modified":"2023-03-07T22:41:34","modified_gmt":"2023-03-07T22:41:34","slug":"natural-skin-clit-popper","status":"publish","type":"product","link":"https:\/\/sexshopzagues.com.mx\/tienda\/?product=natural-skin-clit-popper","title":{"rendered":"Natural Skin Clit Popper"},"content":{"rendered":"<p>Vibrador suave y flexible. Siente la rigidez real\u00edstica de su material. Con 3 intensas velocidades de vibraci\u00f3n manipuladas por bot\u00f3n.<\/p>\n","protected":false},"excerpt":{"rendered":"Vibrador \u00a0material realista.","protected":false},"featured_media":3721,"comment_status":"open","ping_status":"closed","template":"","meta":[],"product_cat":[57],"product_tag":[82,78],"_links":{"self":[{"href":"https:\/\/sexshopzagues.com.mx\/tienda\/index.php?rest_route=\/wp\/v2\/product\/3720"}],"collection":[{"href":"https:\/\/sexshopzagues.com.mx\/tienda\/index.php?rest_route=\/wp\/v2\/product"}],"about":[{"href":"https:\/\/sexshopzagues.com.mx\/tienda\/index.php?rest_route=\/wp\/v2\/types\/product"}],"replies":[{"embeddable":true,"href":"https:\/\/sexshopzagues.com.mx\/tienda\/index.php?rest_route=%2Fwp%2Fv2%2Fcomments&post=3720"}],"wp:featuredmedia":[{"embeddable":true,"href":"https:\/\/sexshopzagues.com.mx\/tienda\/index.php?rest_route=\/wp\/v2\/media\/3721"}],"wp:attachment":[{"href":"https:\/\/sexshopzagues.com.mx\/tienda\/index.php?rest_route=%2Fwp%2Fv2%2Fmedia&parent=3720"}],"wp:term":[{"taxonomy":"product_cat","embeddable":true,"href":"https:\/\/sexshopzagues.com.mx\/tienda\/index.php?rest_route=%2Fwp%2Fv2%2Fproduct_cat&post=3720"},{"taxonomy":"product_tag","embeddable":true,"href":"https:\/\/sexshopzagues.com.mx\/tienda\/index.php?rest_route=%2Fwp%2Fv2%2Fproduct_tag&post=3720"}],"curies":[{"name":"wp","href":"https:\/\/api.w.org\/{rel}","templated":true}]}}