{"id":3585,"date":"2016-09-28T23:56:08","date_gmt":"2016-09-28T23:56:08","guid":{"rendered":"http:\/\/sexshopzagues.com.mx\/tienda\/?product=key-by-jopen-stella-iii-blue"},"modified":"2023-03-07T23:40:08","modified_gmt":"2023-03-07T23:40:08","slug":"key-by-jopen-stella-iii-blue","status":"publish","type":"product","link":"https:\/\/sexshopzagues.com.mx\/tienda\/?product=key-by-jopen-stella-iii-blue","title":{"rendered":"Key? by Jopen? &#8211; Stella III Blue"},"content":{"rendered":"<div style=\"width: 640px;\" class=\"wp-video\"><!--[if lt IE 9]><script>document.createElement('video');<\/script><![endif]-->\n<video class=\"wp-video-shortcode\" id=\"video-3585-1\" width=\"640\" height=\"360\" preload=\"metadata\" controls=\"controls\"><source type=\"video\/mp4\" src=\"http:\/\/sexshopzagues.com.mx\/tienda\/wp-content\/uploads\/2016\/09\/JO-8022-05-3.mp4?_=1\" \/><a href=\"http:\/\/sexshopzagues.com.mx\/tienda\/wp-content\/uploads\/2016\/09\/JO-8022-05-3.mp4\">http:\/\/sexshopzagues.com.mx\/tienda\/wp-content\/uploads\/2016\/09\/JO-8022-05-3.mp4<\/a><\/video><\/div>\n<p>Bolas vaginales, conocidas tambien como Kegel, chinas o Ben Wa. Ayudan a ejercitar m\u00fasculos p\u00e9lvicos, y claro, para brindar placer; graduadas, hipoalerg\u00e9nicas y desmontables. Linea deluxe. Elaboradas con materiales Premium. Medidas: Ch 3.25 M 3.75 G 4.5cm.<\/p>\n","protected":false},"excerpt":{"rendered":"Bolas vaginales, hipoalerg\u00e9nicas.","protected":false},"featured_media":3586,"comment_status":"open","ping_status":"closed","template":"","meta":[],"product_cat":[73,53],"product_tag":[92,95],"_links":{"self":[{"href":"https:\/\/sexshopzagues.com.mx\/tienda\/index.php?rest_route=\/wp\/v2\/product\/3585"}],"collection":[{"href":"https:\/\/sexshopzagues.com.mx\/tienda\/index.php?rest_route=\/wp\/v2\/product"}],"about":[{"href":"https:\/\/sexshopzagues.com.mx\/tienda\/index.php?rest_route=\/wp\/v2\/types\/product"}],"replies":[{"embeddable":true,"href":"https:\/\/sexshopzagues.com.mx\/tienda\/index.php?rest_route=%2Fwp%2Fv2%2Fcomments&post=3585"}],"wp:featuredmedia":[{"embeddable":true,"href":"https:\/\/sexshopzagues.com.mx\/tienda\/index.php?rest_route=\/wp\/v2\/media\/3586"}],"wp:attachment":[{"href":"https:\/\/sexshopzagues.com.mx\/tienda\/index.php?rest_route=%2Fwp%2Fv2%2Fmedia&parent=3585"}],"wp:term":[{"taxonomy":"product_cat","embeddable":true,"href":"https:\/\/sexshopzagues.com.mx\/tienda\/index.php?rest_route=%2Fwp%2Fv2%2Fproduct_cat&post=3585"},{"taxonomy":"product_tag","embeddable":true,"href":"https:\/\/sexshopzagues.com.mx\/tienda\/index.php?rest_route=%2Fwp%2Fv2%2Fproduct_tag&post=3585"}],"curies":[{"name":"wp","href":"https:\/\/api.w.org\/{rel}","templated":true}]}}