{"id":3575,"date":"2016-09-28T23:27:40","date_gmt":"2016-09-28T23:27:40","guid":{"rendered":"http:\/\/sexshopzagues.com.mx\/tienda\/?post_type=product&#038;p=3575"},"modified":"2023-03-07T23:42:37","modified_gmt":"2023-03-07T23:42:37","slug":"clit-tingler-climax-butterfly-pink__trashed","status":"publish","type":"product","link":"https:\/\/sexshopzagues.com.mx\/tienda\/?product=clit-tingler-climax-butterfly-pink__trashed","title":{"rendered":"Clit Tingler Climax Butterfly &#8211; Pink"},"content":{"rendered":"<p>Estimulador vaginal con mariposa para cl\u00edtoris. Su eje texturizado, cuenta con rotaci\u00f3n de izquierda a derecha, reversible, de 3 velocidades, con protuberancia colocada estrat\u00e9gicamente para estimular punto g; mariposa para cl\u00edtoris con 7 funciones, con el tama\u00f1o ideal para abarcar tambien labios vaginales. A prueba de agua. Libre de ftalatos.<\/p>\n","protected":false},"excerpt":{"rendered":"Vibrador texturizado, punto g y clitoris, 7 Funciones.","protected":false},"featured_media":3576,"comment_status":"open","ping_status":"closed","template":"","meta":[],"product_cat":[182,163,73,57],"product_tag":[94,91,78,86],"_links":{"self":[{"href":"https:\/\/sexshopzagues.com.mx\/tienda\/index.php?rest_route=\/wp\/v2\/product\/3575"}],"collection":[{"href":"https:\/\/sexshopzagues.com.mx\/tienda\/index.php?rest_route=\/wp\/v2\/product"}],"about":[{"href":"https:\/\/sexshopzagues.com.mx\/tienda\/index.php?rest_route=\/wp\/v2\/types\/product"}],"replies":[{"embeddable":true,"href":"https:\/\/sexshopzagues.com.mx\/tienda\/index.php?rest_route=%2Fwp%2Fv2%2Fcomments&post=3575"}],"wp:featuredmedia":[{"embeddable":true,"href":"https:\/\/sexshopzagues.com.mx\/tienda\/index.php?rest_route=\/wp\/v2\/media\/3576"}],"wp:attachment":[{"href":"https:\/\/sexshopzagues.com.mx\/tienda\/index.php?rest_route=%2Fwp%2Fv2%2Fmedia&parent=3575"}],"wp:term":[{"taxonomy":"product_cat","embeddable":true,"href":"https:\/\/sexshopzagues.com.mx\/tienda\/index.php?rest_route=%2Fwp%2Fv2%2Fproduct_cat&post=3575"},{"taxonomy":"product_tag","embeddable":true,"href":"https:\/\/sexshopzagues.com.mx\/tienda\/index.php?rest_route=%2Fwp%2Fv2%2Fproduct_tag&post=3575"}],"curies":[{"name":"wp","href":"https:\/\/api.w.org\/{rel}","templated":true}]}}