{"id":3555,"date":"2016-09-28T19:15:20","date_gmt":"2016-09-28T19:15:20","guid":{"rendered":"http:\/\/sexshopzagues.com.mx\/tienda\/?post_type=product&#038;p=3555"},"modified":"2023-03-07T23:50:10","modified_gmt":"2023-03-07T23:50:10","slug":"natural-realskin-hot-cock-1","status":"publish","type":"product","link":"https:\/\/sexshopzagues.com.mx\/tienda\/?product=natural-realskin-hot-cock-1","title":{"rendered":"Natural Realskin Hot Cock #1"},"content":{"rendered":"<p>Super vibrador de textura real. Lleva las sensaciones al m\u00e1ximo, se calienta a m\u00e1s de 45\u00b0, es multiposici\u00f3n asi que lo puedes colocar en la posici\u00f3n que desees volviendo a la original; adem\u00e1s cuenta con 12 incre\u00edbles funciones de vibraci\u00f3n, pulsaciones y escaladas.<\/p>\n<ul>\n<li>Textura Super suave<\/li>\n<li>Alcanza temperatura de hasta 45\u00b0<\/li>\n<li>12 Frecuencia<\/li>\n<li>Libre de ftalatos.<\/li>\n<li>Recargable.<\/li>\n<li>Medidas: 18.5cm (insertables) x 3.8cm.<\/li>\n<\/ul>\n","protected":false},"excerpt":{"rendered":"Vibrador de textura real, 12 frecuencias, recargable.","protected":false},"featured_media":3556,"comment_status":"open","ping_status":"closed","template":"","meta":[],"product_cat":[57],"product_tag":[91,82,78,93],"_links":{"self":[{"href":"https:\/\/sexshopzagues.com.mx\/tienda\/index.php?rest_route=\/wp\/v2\/product\/3555"}],"collection":[{"href":"https:\/\/sexshopzagues.com.mx\/tienda\/index.php?rest_route=\/wp\/v2\/product"}],"about":[{"href":"https:\/\/sexshopzagues.com.mx\/tienda\/index.php?rest_route=\/wp\/v2\/types\/product"}],"replies":[{"embeddable":true,"href":"https:\/\/sexshopzagues.com.mx\/tienda\/index.php?rest_route=%2Fwp%2Fv2%2Fcomments&post=3555"}],"wp:featuredmedia":[{"embeddable":true,"href":"https:\/\/sexshopzagues.com.mx\/tienda\/index.php?rest_route=\/wp\/v2\/media\/3556"}],"wp:attachment":[{"href":"https:\/\/sexshopzagues.com.mx\/tienda\/index.php?rest_route=%2Fwp%2Fv2%2Fmedia&parent=3555"}],"wp:term":[{"taxonomy":"product_cat","embeddable":true,"href":"https:\/\/sexshopzagues.com.mx\/tienda\/index.php?rest_route=%2Fwp%2Fv2%2Fproduct_cat&post=3555"},{"taxonomy":"product_tag","embeddable":true,"href":"https:\/\/sexshopzagues.com.mx\/tienda\/index.php?rest_route=%2Fwp%2Fv2%2Fproduct_tag&post=3555"}],"curies":[{"name":"wp","href":"https:\/\/api.w.org\/{rel}","templated":true}]}}