{"id":3549,"date":"2016-09-28T01:05:32","date_gmt":"2016-09-28T01:05:32","guid":{"rendered":"http:\/\/sexshopzagues.com.mx\/tienda\/?post_type=product&#038;p=3549"},"modified":"2023-03-07T23:51:55","modified_gmt":"2023-03-07T23:51:55","slug":"decovan-brown-10-4-dildo","status":"publish","type":"product","link":"https:\/\/sexshopzagues.com.mx\/tienda\/?product=decovan-brown-10-4-dildo","title":{"rendered":"DeCovan Brown 10.4&#8243; Dildo"},"content":{"rendered":"<p>Materiales de la m\u00e1s alta calidad, libres de l\u00e1tex y ftalatos lo que hace a este producto hipoalerg\u00e9nico. Este dildo con test\u00edculos, detalle de venas, glande bien formado y todos los detalles posibles, cuenta con una poderosa ventosa que se adhiere a cualquier superficie lisa, es compatible con arn\u00e9s. Medidas:\u00a0<em>27cm. \u03a66.0cm.<\/em><\/p>\n","protected":false},"excerpt":{"rendered":"Dildo de material realista, con ventosa.","protected":false},"featured_media":3550,"comment_status":"open","ping_status":"closed","template":"","meta":[],"product_cat":[58],"product_tag":[77,84,82,85],"_links":{"self":[{"href":"https:\/\/sexshopzagues.com.mx\/tienda\/index.php?rest_route=\/wp\/v2\/product\/3549"}],"collection":[{"href":"https:\/\/sexshopzagues.com.mx\/tienda\/index.php?rest_route=\/wp\/v2\/product"}],"about":[{"href":"https:\/\/sexshopzagues.com.mx\/tienda\/index.php?rest_route=\/wp\/v2\/types\/product"}],"replies":[{"embeddable":true,"href":"https:\/\/sexshopzagues.com.mx\/tienda\/index.php?rest_route=%2Fwp%2Fv2%2Fcomments&post=3549"}],"wp:featuredmedia":[{"embeddable":true,"href":"https:\/\/sexshopzagues.com.mx\/tienda\/index.php?rest_route=\/wp\/v2\/media\/3550"}],"wp:attachment":[{"href":"https:\/\/sexshopzagues.com.mx\/tienda\/index.php?rest_route=%2Fwp%2Fv2%2Fmedia&parent=3549"}],"wp:term":[{"taxonomy":"product_cat","embeddable":true,"href":"https:\/\/sexshopzagues.com.mx\/tienda\/index.php?rest_route=%2Fwp%2Fv2%2Fproduct_cat&post=3549"},{"taxonomy":"product_tag","embeddable":true,"href":"https:\/\/sexshopzagues.com.mx\/tienda\/index.php?rest_route=%2Fwp%2Fv2%2Fproduct_tag&post=3549"}],"curies":[{"name":"wp","href":"https:\/\/api.w.org\/{rel}","templated":true}]}}