{"id":3529,"date":"2016-09-26T23:08:32","date_gmt":"2016-09-26T23:08:32","guid":{"rendered":"http:\/\/sexshopzagues.com.mx\/tienda\/?post_type=product&#038;p=3529"},"modified":"2023-03-07T23:54:12","modified_gmt":"2023-03-07T23:54:12","slug":"royal-scepter-alizee","status":"publish","type":"product","link":"https:\/\/sexshopzagues.com.mx\/tienda\/?product=royal-scepter-alizee","title":{"rendered":"Royal Scepter Alizee"},"content":{"rendered":"<p>Disfruta de intensos orgasmos, con este super estimulador. Ideal para estimular cl\u00edtoris y labios, tus dem\u00e1s zonas er\u00f3genas no est\u00e1n exentas. Con 8 frecuencias de rotaci\u00f3n, f\u00e1ciles de manipular. Hipoalerg\u00e9nico, material 100% silic\u00f3n. Olv\u00eddate de las pilas, pues este es un producto recargable. A prueba de agua. Medidas: 18cm ,\u03a64.1cm.<\/p>\n","protected":false},"excerpt":{"rendered":"Vibrador 8 funciones.","protected":false},"featured_media":3530,"comment_status":"open","ping_status":"closed","template":"","meta":[],"product_cat":[157,73,57],"product_tag":[96,77,91,92,93],"_links":{"self":[{"href":"https:\/\/sexshopzagues.com.mx\/tienda\/index.php?rest_route=\/wp\/v2\/product\/3529"}],"collection":[{"href":"https:\/\/sexshopzagues.com.mx\/tienda\/index.php?rest_route=\/wp\/v2\/product"}],"about":[{"href":"https:\/\/sexshopzagues.com.mx\/tienda\/index.php?rest_route=\/wp\/v2\/types\/product"}],"replies":[{"embeddable":true,"href":"https:\/\/sexshopzagues.com.mx\/tienda\/index.php?rest_route=%2Fwp%2Fv2%2Fcomments&post=3529"}],"wp:featuredmedia":[{"embeddable":true,"href":"https:\/\/sexshopzagues.com.mx\/tienda\/index.php?rest_route=\/wp\/v2\/media\/3530"}],"wp:attachment":[{"href":"https:\/\/sexshopzagues.com.mx\/tienda\/index.php?rest_route=%2Fwp%2Fv2%2Fmedia&parent=3529"}],"wp:term":[{"taxonomy":"product_cat","embeddable":true,"href":"https:\/\/sexshopzagues.com.mx\/tienda\/index.php?rest_route=%2Fwp%2Fv2%2Fproduct_cat&post=3529"},{"taxonomy":"product_tag","embeddable":true,"href":"https:\/\/sexshopzagues.com.mx\/tienda\/index.php?rest_route=%2Fwp%2Fv2%2Fproduct_tag&post=3529"}],"curies":[{"name":"wp","href":"https:\/\/api.w.org\/{rel}","templated":true}]}}