{"id":3486,"date":"2016-09-26T21:03:36","date_gmt":"2016-09-26T21:03:36","guid":{"rendered":"http:\/\/sexshopzagues.com.mx\/tienda\/?post_type=product&#038;p=3486"},"modified":"2023-03-08T00:01:42","modified_gmt":"2023-03-08T00:01:42","slug":"6-7-flexible-cock-no-01","status":"publish","type":"product","link":"https:\/\/sexshopzagues.com.mx\/tienda\/?product=6-7-flexible-cock-no-01","title":{"rendered":"6.7&#8243; Flexible Cock No.01"},"content":{"rendered":"<p>Dildo s\u00faper suave, material real\u00edstico, libre de l\u00e1tex y ftalatos. Vertebrado, cuenta con una especie de espina interna que te permite ponerlo en la posici\u00f3n que desees. Medidas: 16.4cm,\u03a64cm.<\/p>\n","protected":false},"excerpt":{"rendered":"Dildo material real\u00edsta, multiposici\u00f3n.","protected":false},"featured_media":3487,"comment_status":"open","ping_status":"closed","template":"","meta":[],"product_cat":[73,58],"product_tag":[77,82],"_links":{"self":[{"href":"https:\/\/sexshopzagues.com.mx\/tienda\/index.php?rest_route=\/wp\/v2\/product\/3486"}],"collection":[{"href":"https:\/\/sexshopzagues.com.mx\/tienda\/index.php?rest_route=\/wp\/v2\/product"}],"about":[{"href":"https:\/\/sexshopzagues.com.mx\/tienda\/index.php?rest_route=\/wp\/v2\/types\/product"}],"replies":[{"embeddable":true,"href":"https:\/\/sexshopzagues.com.mx\/tienda\/index.php?rest_route=%2Fwp%2Fv2%2Fcomments&post=3486"}],"wp:featuredmedia":[{"embeddable":true,"href":"https:\/\/sexshopzagues.com.mx\/tienda\/index.php?rest_route=\/wp\/v2\/media\/3487"}],"wp:attachment":[{"href":"https:\/\/sexshopzagues.com.mx\/tienda\/index.php?rest_route=%2Fwp%2Fv2%2Fmedia&parent=3486"}],"wp:term":[{"taxonomy":"product_cat","embeddable":true,"href":"https:\/\/sexshopzagues.com.mx\/tienda\/index.php?rest_route=%2Fwp%2Fv2%2Fproduct_cat&post=3486"},{"taxonomy":"product_tag","embeddable":true,"href":"https:\/\/sexshopzagues.com.mx\/tienda\/index.php?rest_route=%2Fwp%2Fv2%2Fproduct_tag&post=3486"}],"curies":[{"name":"wp","href":"https:\/\/api.w.org\/{rel}","templated":true}]}}