{"id":3470,"date":"2016-09-26T19:42:15","date_gmt":"2016-09-26T19:42:15","guid":{"rendered":"http:\/\/sexshopzagues.com.mx\/tienda\/?post_type=product&#038;p=3470"},"modified":"2023-03-08T00:07:24","modified_gmt":"2023-03-08T00:07:24","slug":"vibration-triple-stimulator","status":"publish","type":"product","link":"https:\/\/sexshopzagues.com.mx\/tienda\/?product=vibration-triple-stimulator","title":{"rendered":"Vibration Triple Stimulator"},"content":{"rendered":"<p>Anillo con dildo para doble penetraci\u00f3n (anal- vaginal), su anillo prolongar\u00e1 eyaculaci\u00f3n y mejorar\u00e1 la erecci\u00f3n, adem\u00e1s estimular\u00e1 cl\u00edtoris con su textura e intensa vibraci\u00f3n regulable.<br \/>\nEl dildo es vertebrado, multiposici\u00f3n, lo cual favorecer\u00e1 casi cualquier posici\u00f3n.<\/p>\n<p>Material suave y flexible. Medida del dildo: 15.5cm . F3cm.<\/p>\n","protected":false},"excerpt":{"rendered":"Anillo con vibraci\u00f3n y dildo para doble penetraci\u00f3n.","protected":false},"featured_media":12967,"comment_status":"open","ping_status":"closed","template":"","meta":[],"product_cat":[216,73,159,62,58],"product_tag":[175,77,97,87],"_links":{"self":[{"href":"https:\/\/sexshopzagues.com.mx\/tienda\/index.php?rest_route=\/wp\/v2\/product\/3470"}],"collection":[{"href":"https:\/\/sexshopzagues.com.mx\/tienda\/index.php?rest_route=\/wp\/v2\/product"}],"about":[{"href":"https:\/\/sexshopzagues.com.mx\/tienda\/index.php?rest_route=\/wp\/v2\/types\/product"}],"replies":[{"embeddable":true,"href":"https:\/\/sexshopzagues.com.mx\/tienda\/index.php?rest_route=%2Fwp%2Fv2%2Fcomments&post=3470"}],"wp:featuredmedia":[{"embeddable":true,"href":"https:\/\/sexshopzagues.com.mx\/tienda\/index.php?rest_route=\/wp\/v2\/media\/12967"}],"wp:attachment":[{"href":"https:\/\/sexshopzagues.com.mx\/tienda\/index.php?rest_route=%2Fwp%2Fv2%2Fmedia&parent=3470"}],"wp:term":[{"taxonomy":"product_cat","embeddable":true,"href":"https:\/\/sexshopzagues.com.mx\/tienda\/index.php?rest_route=%2Fwp%2Fv2%2Fproduct_cat&post=3470"},{"taxonomy":"product_tag","embeddable":true,"href":"https:\/\/sexshopzagues.com.mx\/tienda\/index.php?rest_route=%2Fwp%2Fv2%2Fproduct_tag&post=3470"}],"curies":[{"name":"wp","href":"https:\/\/api.w.org\/{rel}","templated":true}]}}