{"id":3445,"date":"2016-09-26T19:18:24","date_gmt":"2016-09-26T19:18:24","guid":{"rendered":"http:\/\/sexshopzagues.com.mx\/tienda\/?post_type=product&#038;p=3445"},"modified":"2023-03-08T00:07:03","modified_gmt":"2023-03-08T00:07:03","slug":"ding-dong","status":"publish","type":"product","link":"https:\/\/sexshopzagues.com.mx\/tienda\/?product=ding-dong","title":{"rendered":"Ding Dong"},"content":{"rendered":"<p>Dildo en material tipo gel, de tama\u00f1o discreto, forma real\u00edstica, curvo para hacer m\u00e1s intensa la estimulaci\u00f3n. Libre de l\u00e1tex y ftalatos. Medidas: 12.9cm. \u03a63.1cm.<\/p>\n","protected":false},"excerpt":{"rendered":"Dildo curvo.","protected":false},"featured_media":3446,"comment_status":"open","ping_status":"closed","template":"","meta":[],"product_cat":[58],"product_tag":[77,83,214],"_links":{"self":[{"href":"https:\/\/sexshopzagues.com.mx\/tienda\/index.php?rest_route=\/wp\/v2\/product\/3445"}],"collection":[{"href":"https:\/\/sexshopzagues.com.mx\/tienda\/index.php?rest_route=\/wp\/v2\/product"}],"about":[{"href":"https:\/\/sexshopzagues.com.mx\/tienda\/index.php?rest_route=\/wp\/v2\/types\/product"}],"replies":[{"embeddable":true,"href":"https:\/\/sexshopzagues.com.mx\/tienda\/index.php?rest_route=%2Fwp%2Fv2%2Fcomments&post=3445"}],"wp:featuredmedia":[{"embeddable":true,"href":"https:\/\/sexshopzagues.com.mx\/tienda\/index.php?rest_route=\/wp\/v2\/media\/3446"}],"wp:attachment":[{"href":"https:\/\/sexshopzagues.com.mx\/tienda\/index.php?rest_route=%2Fwp%2Fv2%2Fmedia&parent=3445"}],"wp:term":[{"taxonomy":"product_cat","embeddable":true,"href":"https:\/\/sexshopzagues.com.mx\/tienda\/index.php?rest_route=%2Fwp%2Fv2%2Fproduct_cat&post=3445"},{"taxonomy":"product_tag","embeddable":true,"href":"https:\/\/sexshopzagues.com.mx\/tienda\/index.php?rest_route=%2Fwp%2Fv2%2Fproduct_tag&post=3445"}],"curies":[{"name":"wp","href":"https:\/\/api.w.org\/{rel}","templated":true}]}}