{"id":3439,"date":"2016-09-26T19:12:43","date_gmt":"2016-09-26T19:12:43","guid":{"rendered":"http:\/\/sexshopzagues.com.mx\/tienda\/?post_type=product&#038;p=3439"},"modified":"2021-09-07T04:29:49","modified_gmt":"2021-09-07T04:29:49","slug":"please-do-me-love-bullet-silver","status":"publish","type":"product","link":"https:\/\/sexshopzagues.com.mx\/tienda\/?product=please-do-me-love-bullet-silver","title":{"rendered":"Please Do Me Love Bullet.Silver"},"content":{"rendered":"<p><span id=\"fbPhotoSnowliftCaption\" class=\"fbPhotosPhotoCaption\" tabindex=\"0\" data-ft=\"{&quot;tn&quot;:&quot;K&quot;}\"><span class=\"hasCaption\">Discreci\u00f3n y potencia en este peque\u00f1o juguete. Ideal para iniciar, te es \u00fatil para estimular superficialmente cualquier zona de mujer u hombre, perfecto para el juego previo, cuenta con 7 frecuencias de vibraci\u00f3n, pulsaci\u00f3n y escalas, manipuladas por bot\u00f3n. A prueba de agua. Medidas: 8.25cm . \u03a61.8cm<\/p>\n<p><\/span><\/span><\/p>\n","protected":false},"excerpt":{"rendered":"Bala vibradora con 7 frecuencias.","protected":false},"featured_media":3440,"comment_status":"open","ping_status":"closed","template":"","meta":[],"product_cat":[72,57],"product_tag":[77,83],"_links":{"self":[{"href":"https:\/\/sexshopzagues.com.mx\/tienda\/index.php?rest_route=\/wp\/v2\/product\/3439"}],"collection":[{"href":"https:\/\/sexshopzagues.com.mx\/tienda\/index.php?rest_route=\/wp\/v2\/product"}],"about":[{"href":"https:\/\/sexshopzagues.com.mx\/tienda\/index.php?rest_route=\/wp\/v2\/types\/product"}],"replies":[{"embeddable":true,"href":"https:\/\/sexshopzagues.com.mx\/tienda\/index.php?rest_route=%2Fwp%2Fv2%2Fcomments&post=3439"}],"wp:featuredmedia":[{"embeddable":true,"href":"https:\/\/sexshopzagues.com.mx\/tienda\/index.php?rest_route=\/wp\/v2\/media\/3440"}],"wp:attachment":[{"href":"https:\/\/sexshopzagues.com.mx\/tienda\/index.php?rest_route=%2Fwp%2Fv2%2Fmedia&parent=3439"}],"wp:term":[{"taxonomy":"product_cat","embeddable":true,"href":"https:\/\/sexshopzagues.com.mx\/tienda\/index.php?rest_route=%2Fwp%2Fv2%2Fproduct_cat&post=3439"},{"taxonomy":"product_tag","embeddable":true,"href":"https:\/\/sexshopzagues.com.mx\/tienda\/index.php?rest_route=%2Fwp%2Fv2%2Fproduct_tag&post=3439"}],"curies":[{"name":"wp","href":"https:\/\/api.w.org\/{rel}","templated":true}]}}