{"id":3430,"date":"2016-09-26T19:01:51","date_gmt":"2016-09-26T19:01:51","guid":{"rendered":"http:\/\/sexshopzagues.com.mx\/tienda\/?post_type=product&#038;p=3430"},"modified":"2023-03-08T00:09:11","modified_gmt":"2023-03-08T00:09:11","slug":"nicoles-anal-pleaser-pink","status":"publish","type":"product","link":"https:\/\/sexshopzagues.com.mx\/tienda\/?product=nicoles-anal-pleaser-pink","title":{"rendered":"NICOLE&#8217;S Anal Pleaser Pink"},"content":{"rendered":"<p>Plug para penetraci\u00f3n anal con vibraci\u00f3n, con base para una f\u00e1cil inserci\u00f3n y extracci\u00f3n; vibraci\u00f3n regulable de ligero a intenso, su forma c\u00f3nica har\u00e1 f\u00e1cil la penetraci\u00f3n. Material de PVC. Medidas: 10.4cm . \u03a63.2cm.<\/p>\n","protected":false},"excerpt":{"rendered":"Plug con vibraci\u00f3n.","protected":false},"featured_media":3431,"comment_status":"open","ping_status":"closed","template":"","meta":[],"product_cat":[166,56],"product_tag":[77],"_links":{"self":[{"href":"https:\/\/sexshopzagues.com.mx\/tienda\/index.php?rest_route=\/wp\/v2\/product\/3430"}],"collection":[{"href":"https:\/\/sexshopzagues.com.mx\/tienda\/index.php?rest_route=\/wp\/v2\/product"}],"about":[{"href":"https:\/\/sexshopzagues.com.mx\/tienda\/index.php?rest_route=\/wp\/v2\/types\/product"}],"replies":[{"embeddable":true,"href":"https:\/\/sexshopzagues.com.mx\/tienda\/index.php?rest_route=%2Fwp%2Fv2%2Fcomments&post=3430"}],"wp:featuredmedia":[{"embeddable":true,"href":"https:\/\/sexshopzagues.com.mx\/tienda\/index.php?rest_route=\/wp\/v2\/media\/3431"}],"wp:attachment":[{"href":"https:\/\/sexshopzagues.com.mx\/tienda\/index.php?rest_route=%2Fwp%2Fv2%2Fmedia&parent=3430"}],"wp:term":[{"taxonomy":"product_cat","embeddable":true,"href":"https:\/\/sexshopzagues.com.mx\/tienda\/index.php?rest_route=%2Fwp%2Fv2%2Fproduct_cat&post=3430"},{"taxonomy":"product_tag","embeddable":true,"href":"https:\/\/sexshopzagues.com.mx\/tienda\/index.php?rest_route=%2Fwp%2Fv2%2Fproduct_tag&post=3430"}],"curies":[{"name":"wp","href":"https:\/\/api.w.org\/{rel}","templated":true}]}}