{"id":3344,"date":"2016-09-21T00:02:15","date_gmt":"2016-09-21T00:02:15","guid":{"rendered":"http:\/\/sexshopzagues.com.mx\/tienda\/?post_type=product&#038;p=3344"},"modified":"2023-03-08T00:13:26","modified_gmt":"2023-03-08T00:13:26","slug":"heart-booty-beads","status":"publish","type":"product","link":"https:\/\/sexshopzagues.com.mx\/tienda\/?product=heart-booty-beads","title":{"rendered":"Heart Booty Beads &#8211; Purple"},"content":{"rendered":"<p>Quieres cambiar de las cl\u00e1sicas bolitas anales? Esta es una buena opci\u00f3n, Chisa trae para ti estos corazones para inserci\u00f3n anal, su forma facilitar\u00e1 la penetraci\u00f3n y lo mejor de todo es que te brindar\u00e1n intenso placer. Material hipoalerg\u00e9nico 100% silic\u00f3n.<\/p>\n<p><em>Medidas: 19cm . \u03a61.1 to 3.2cm<\/em><\/p>\n","protected":false},"excerpt":{"rendered":"Corazones para inserci\u00f3n anal.","protected":false},"featured_media":3345,"comment_status":"open","ping_status":"closed","template":"","meta":[],"product_cat":[53],"product_tag":[77],"_links":{"self":[{"href":"https:\/\/sexshopzagues.com.mx\/tienda\/index.php?rest_route=\/wp\/v2\/product\/3344"}],"collection":[{"href":"https:\/\/sexshopzagues.com.mx\/tienda\/index.php?rest_route=\/wp\/v2\/product"}],"about":[{"href":"https:\/\/sexshopzagues.com.mx\/tienda\/index.php?rest_route=\/wp\/v2\/types\/product"}],"replies":[{"embeddable":true,"href":"https:\/\/sexshopzagues.com.mx\/tienda\/index.php?rest_route=%2Fwp%2Fv2%2Fcomments&post=3344"}],"wp:featuredmedia":[{"embeddable":true,"href":"https:\/\/sexshopzagues.com.mx\/tienda\/index.php?rest_route=\/wp\/v2\/media\/3345"}],"wp:attachment":[{"href":"https:\/\/sexshopzagues.com.mx\/tienda\/index.php?rest_route=%2Fwp%2Fv2%2Fmedia&parent=3344"}],"wp:term":[{"taxonomy":"product_cat","embeddable":true,"href":"https:\/\/sexshopzagues.com.mx\/tienda\/index.php?rest_route=%2Fwp%2Fv2%2Fproduct_cat&post=3344"},{"taxonomy":"product_tag","embeddable":true,"href":"https:\/\/sexshopzagues.com.mx\/tienda\/index.php?rest_route=%2Fwp%2Fv2%2Fproduct_tag&post=3344"}],"curies":[{"name":"wp","href":"https:\/\/api.w.org\/{rel}","templated":true}]}}