{"id":3279,"date":"2016-09-20T19:11:31","date_gmt":"2016-09-20T19:11:31","guid":{"rendered":"http:\/\/sexshopzagues.com.mx\/tienda\/?post_type=product&#038;p=3279"},"modified":"2021-09-07T04:45:02","modified_gmt":"2021-09-07T04:45:02","slug":"glitters-dual-probe-pink","status":"publish","type":"product","link":"https:\/\/sexshopzagues.com.mx\/tienda\/?product=glitters-dual-probe-pink","title":{"rendered":"Glitters Dual Probe Pink"},"content":{"rendered":"<p>Vibrador con punta c\u00f3nica y vibraci\u00f3n regulable potente, texturizado para dar una mayor sensaci\u00f3n, material suave y flexible. A prueba de agua. Medidas: 22.2cm,\u03a64cm.<\/p>\n","protected":false},"excerpt":{"rendered":"Vibrador regulable, potente.","protected":false},"featured_media":3280,"comment_status":"open","ping_status":"closed","template":"","meta":[],"product_cat":[57],"product_tag":[77],"_links":{"self":[{"href":"https:\/\/sexshopzagues.com.mx\/tienda\/index.php?rest_route=\/wp\/v2\/product\/3279"}],"collection":[{"href":"https:\/\/sexshopzagues.com.mx\/tienda\/index.php?rest_route=\/wp\/v2\/product"}],"about":[{"href":"https:\/\/sexshopzagues.com.mx\/tienda\/index.php?rest_route=\/wp\/v2\/types\/product"}],"replies":[{"embeddable":true,"href":"https:\/\/sexshopzagues.com.mx\/tienda\/index.php?rest_route=%2Fwp%2Fv2%2Fcomments&post=3279"}],"wp:featuredmedia":[{"embeddable":true,"href":"https:\/\/sexshopzagues.com.mx\/tienda\/index.php?rest_route=\/wp\/v2\/media\/3280"}],"wp:attachment":[{"href":"https:\/\/sexshopzagues.com.mx\/tienda\/index.php?rest_route=%2Fwp%2Fv2%2Fmedia&parent=3279"}],"wp:term":[{"taxonomy":"product_cat","embeddable":true,"href":"https:\/\/sexshopzagues.com.mx\/tienda\/index.php?rest_route=%2Fwp%2Fv2%2Fproduct_cat&post=3279"},{"taxonomy":"product_tag","embeddable":true,"href":"https:\/\/sexshopzagues.com.mx\/tienda\/index.php?rest_route=%2Fwp%2Fv2%2Fproduct_tag&post=3279"}],"curies":[{"name":"wp","href":"https:\/\/api.w.org\/{rel}","templated":true}]}}