{"id":3206,"date":"2016-09-20T00:29:50","date_gmt":"2016-09-20T00:29:50","guid":{"rendered":"http:\/\/sexshopzagues.com.mx\/tienda\/?post_type=product&#038;p=3206"},"modified":"2021-09-07T06:05:05","modified_gmt":"2021-09-07T06:05:05","slug":"7-5-vibrating-cock-no-02","status":"publish","type":"product","link":"https:\/\/sexshopzagues.com.mx\/tienda\/?product=7-5-vibrating-cock-no-02","title":{"rendered":"7.5&#8243; Vibrating Cock No.02"},"content":{"rendered":"<p>Vibrador muy suave al tacto, textura para estimular paredes vaginales, test\u00edculos, vibraci\u00f3n regulable; material real\u00edstico libre de l\u00e1tex y ptalatos. A prueba de agua. Medidas: 19cm,\u03a63.8cm<\/p>\n","protected":false},"excerpt":{"rendered":"Vibrador texturizado, regulable.","protected":false},"featured_media":3207,"comment_status":"open","ping_status":"closed","template":"","meta":[],"product_cat":[57],"product_tag":[77,82],"_links":{"self":[{"href":"https:\/\/sexshopzagues.com.mx\/tienda\/index.php?rest_route=\/wp\/v2\/product\/3206"}],"collection":[{"href":"https:\/\/sexshopzagues.com.mx\/tienda\/index.php?rest_route=\/wp\/v2\/product"}],"about":[{"href":"https:\/\/sexshopzagues.com.mx\/tienda\/index.php?rest_route=\/wp\/v2\/types\/product"}],"replies":[{"embeddable":true,"href":"https:\/\/sexshopzagues.com.mx\/tienda\/index.php?rest_route=%2Fwp%2Fv2%2Fcomments&post=3206"}],"wp:featuredmedia":[{"embeddable":true,"href":"https:\/\/sexshopzagues.com.mx\/tienda\/index.php?rest_route=\/wp\/v2\/media\/3207"}],"wp:attachment":[{"href":"https:\/\/sexshopzagues.com.mx\/tienda\/index.php?rest_route=%2Fwp%2Fv2%2Fmedia&parent=3206"}],"wp:term":[{"taxonomy":"product_cat","embeddable":true,"href":"https:\/\/sexshopzagues.com.mx\/tienda\/index.php?rest_route=%2Fwp%2Fv2%2Fproduct_cat&post=3206"},{"taxonomy":"product_tag","embeddable":true,"href":"https:\/\/sexshopzagues.com.mx\/tienda\/index.php?rest_route=%2Fwp%2Fv2%2Fproduct_tag&post=3206"}],"curies":[{"name":"wp","href":"https:\/\/api.w.org\/{rel}","templated":true}]}}