{"id":3203,"date":"2016-09-20T00:26:06","date_gmt":"2016-09-20T00:26:06","guid":{"rendered":"http:\/\/sexshopzagues.com.mx\/tienda\/?post_type=product&#038;p=3203"},"modified":"2023-03-08T01:29:25","modified_gmt":"2023-03-08T01:29:25","slug":"7-5-vibrating-cock-no-06","status":"publish","type":"product","link":"https:\/\/sexshopzagues.com.mx\/tienda\/?product=7-5-vibrating-cock-no-06","title":{"rendered":"Vibrador Real Touch 7.5&#8243; Vibrating Cock No.06"},"content":{"rendered":"<p>Vibrador muy suave al tacto, de la punta a la base aumenta el grosor, vibraci\u00f3n regulable; material real\u00edstico libre de l\u00e1tex y ptalatos. A prueba de agua. Medidas:19cm,\u03a64.1cm<\/p>\n","protected":false},"excerpt":{"rendered":"Vibrador regulable.","protected":false},"featured_media":3204,"comment_status":"open","ping_status":"closed","template":"","meta":[],"product_cat":[182,73,176,57],"product_tag":[96,77,82],"_links":{"self":[{"href":"https:\/\/sexshopzagues.com.mx\/tienda\/index.php?rest_route=\/wp\/v2\/product\/3203"}],"collection":[{"href":"https:\/\/sexshopzagues.com.mx\/tienda\/index.php?rest_route=\/wp\/v2\/product"}],"about":[{"href":"https:\/\/sexshopzagues.com.mx\/tienda\/index.php?rest_route=\/wp\/v2\/types\/product"}],"replies":[{"embeddable":true,"href":"https:\/\/sexshopzagues.com.mx\/tienda\/index.php?rest_route=%2Fwp%2Fv2%2Fcomments&post=3203"}],"wp:featuredmedia":[{"embeddable":true,"href":"https:\/\/sexshopzagues.com.mx\/tienda\/index.php?rest_route=\/wp\/v2\/media\/3204"}],"wp:attachment":[{"href":"https:\/\/sexshopzagues.com.mx\/tienda\/index.php?rest_route=%2Fwp%2Fv2%2Fmedia&parent=3203"}],"wp:term":[{"taxonomy":"product_cat","embeddable":true,"href":"https:\/\/sexshopzagues.com.mx\/tienda\/index.php?rest_route=%2Fwp%2Fv2%2Fproduct_cat&post=3203"},{"taxonomy":"product_tag","embeddable":true,"href":"https:\/\/sexshopzagues.com.mx\/tienda\/index.php?rest_route=%2Fwp%2Fv2%2Fproduct_tag&post=3203"}],"curies":[{"name":"wp","href":"https:\/\/api.w.org\/{rel}","templated":true}]}}