{"id":3192,"date":"2016-09-20T00:17:25","date_gmt":"2016-09-20T00:17:25","guid":{"rendered":"http:\/\/sexshopzagues.com.mx\/tienda\/?post_type=product&#038;p=3192"},"modified":"2023-03-08T01:47:10","modified_gmt":"2023-03-08T01:47:10","slug":"abby-kitty","status":"publish","type":"product","link":"https:\/\/sexshopzagues.com.mx\/tienda\/?product=abby-kitty","title":{"rendered":"Abby Kitty"},"content":{"rendered":"<p>Masturbador con forma de vagina, de tama\u00f1o discreto, material real\u00edstico y t\u00e9rmico; el\u00e1stico y resistente. Medidas: 12.5*6*5cm<\/p>\n","protected":false},"excerpt":{"rendered":"Vagina en material realista, tama\u00f1o discreto.","protected":false},"featured_media":12241,"comment_status":"open","ping_status":"closed","template":"","meta":[],"product_cat":[159,66],"product_tag":[77,83,190,82],"_links":{"self":[{"href":"https:\/\/sexshopzagues.com.mx\/tienda\/index.php?rest_route=\/wp\/v2\/product\/3192"}],"collection":[{"href":"https:\/\/sexshopzagues.com.mx\/tienda\/index.php?rest_route=\/wp\/v2\/product"}],"about":[{"href":"https:\/\/sexshopzagues.com.mx\/tienda\/index.php?rest_route=\/wp\/v2\/types\/product"}],"replies":[{"embeddable":true,"href":"https:\/\/sexshopzagues.com.mx\/tienda\/index.php?rest_route=%2Fwp%2Fv2%2Fcomments&post=3192"}],"wp:featuredmedia":[{"embeddable":true,"href":"https:\/\/sexshopzagues.com.mx\/tienda\/index.php?rest_route=\/wp\/v2\/media\/12241"}],"wp:attachment":[{"href":"https:\/\/sexshopzagues.com.mx\/tienda\/index.php?rest_route=%2Fwp%2Fv2%2Fmedia&parent=3192"}],"wp:term":[{"taxonomy":"product_cat","embeddable":true,"href":"https:\/\/sexshopzagues.com.mx\/tienda\/index.php?rest_route=%2Fwp%2Fv2%2Fproduct_cat&post=3192"},{"taxonomy":"product_tag","embeddable":true,"href":"https:\/\/sexshopzagues.com.mx\/tienda\/index.php?rest_route=%2Fwp%2Fv2%2Fproduct_tag&post=3192"}],"curies":[{"name":"wp","href":"https:\/\/api.w.org\/{rel}","templated":true}]}}