{"id":3187,"date":"2016-09-19T23:55:06","date_gmt":"2016-09-19T23:55:06","guid":{"rendered":"http:\/\/sexshopzagues.com.mx\/tienda\/?post_type=product&#038;p=3187"},"modified":"2023-03-08T02:41:21","modified_gmt":"2023-03-08T02:41:21","slug":"renegade-power-cage-black","status":"publish","type":"product","link":"https:\/\/sexshopzagues.com.mx\/tienda\/?product=renegade-power-cage-black","title":{"rendered":"Renegade Power Cage Black"},"content":{"rendered":"<p>Funda tipo jaula, mejora el rendimiento en cuanto erecci\u00f3n y eyaculaci\u00f3n, hueco para el pene y test\u00edculos; texturizada para estimular paredes vaginales, la punta viene descubierta para dejar libre el glande y no restar sensaci\u00f3n. Material libre de ptalatos, el\u00e1stico. Medidas: 10.7cm . \u03a62.8cm.<\/p>\n","protected":false},"excerpt":{"rendered":"Funda texturizada, tipo jaula.","protected":false},"featured_media":3188,"comment_status":"open","ping_status":"closed","template":"","meta":[],"product_cat":[69],"product_tag":[77],"_links":{"self":[{"href":"https:\/\/sexshopzagues.com.mx\/tienda\/index.php?rest_route=\/wp\/v2\/product\/3187"}],"collection":[{"href":"https:\/\/sexshopzagues.com.mx\/tienda\/index.php?rest_route=\/wp\/v2\/product"}],"about":[{"href":"https:\/\/sexshopzagues.com.mx\/tienda\/index.php?rest_route=\/wp\/v2\/types\/product"}],"replies":[{"embeddable":true,"href":"https:\/\/sexshopzagues.com.mx\/tienda\/index.php?rest_route=%2Fwp%2Fv2%2Fcomments&post=3187"}],"wp:featuredmedia":[{"embeddable":true,"href":"https:\/\/sexshopzagues.com.mx\/tienda\/index.php?rest_route=\/wp\/v2\/media\/3188"}],"wp:attachment":[{"href":"https:\/\/sexshopzagues.com.mx\/tienda\/index.php?rest_route=%2Fwp%2Fv2%2Fmedia&parent=3187"}],"wp:term":[{"taxonomy":"product_cat","embeddable":true,"href":"https:\/\/sexshopzagues.com.mx\/tienda\/index.php?rest_route=%2Fwp%2Fv2%2Fproduct_cat&post=3187"},{"taxonomy":"product_tag","embeddable":true,"href":"https:\/\/sexshopzagues.com.mx\/tienda\/index.php?rest_route=%2Fwp%2Fv2%2Fproduct_tag&post=3187"}],"curies":[{"name":"wp","href":"https:\/\/api.w.org\/{rel}","templated":true}]}}