{"id":3158,"date":"2016-09-19T22:50:13","date_gmt":"2016-09-19T22:50:13","guid":{"rendered":"http:\/\/sexshopzagues.com.mx\/tienda\/?post_type=product&#038;p=3158"},"modified":"2023-03-08T02:00:56","modified_gmt":"2023-03-08T02:00:56","slug":"beaded-cock-rings-assorted-10-pack","status":"publish","type":"product","link":"https:\/\/sexshopzagues.com.mx\/tienda\/?product=beaded-cock-rings-assorted-10-pack","title":{"rendered":"Beaded Cock Rings-Assorted 10 Pack"},"content":{"rendered":"<p>Paquete de 10 anillos b\u00e1sicos para retardar eyaculaci\u00f3n y mejorar erecci\u00f3n, cuentan con textura de bolitas para ejercer m\u00e1s presi\u00f3n. Material el\u00e1stico.<\/p>\n","protected":false},"excerpt":{"rendered":"Paquete de 10 ligas reusables para retardar.","protected":false},"featured_media":3159,"comment_status":"open","ping_status":"closed","template":"","meta":[],"product_cat":[159,62],"product_tag":[175,77,187],"_links":{"self":[{"href":"https:\/\/sexshopzagues.com.mx\/tienda\/index.php?rest_route=\/wp\/v2\/product\/3158"}],"collection":[{"href":"https:\/\/sexshopzagues.com.mx\/tienda\/index.php?rest_route=\/wp\/v2\/product"}],"about":[{"href":"https:\/\/sexshopzagues.com.mx\/tienda\/index.php?rest_route=\/wp\/v2\/types\/product"}],"replies":[{"embeddable":true,"href":"https:\/\/sexshopzagues.com.mx\/tienda\/index.php?rest_route=%2Fwp%2Fv2%2Fcomments&post=3158"}],"wp:featuredmedia":[{"embeddable":true,"href":"https:\/\/sexshopzagues.com.mx\/tienda\/index.php?rest_route=\/wp\/v2\/media\/3159"}],"wp:attachment":[{"href":"https:\/\/sexshopzagues.com.mx\/tienda\/index.php?rest_route=%2Fwp%2Fv2%2Fmedia&parent=3158"}],"wp:term":[{"taxonomy":"product_cat","embeddable":true,"href":"https:\/\/sexshopzagues.com.mx\/tienda\/index.php?rest_route=%2Fwp%2Fv2%2Fproduct_cat&post=3158"},{"taxonomy":"product_tag","embeddable":true,"href":"https:\/\/sexshopzagues.com.mx\/tienda\/index.php?rest_route=%2Fwp%2Fv2%2Fproduct_tag&post=3158"}],"curies":[{"name":"wp","href":"https:\/\/api.w.org\/{rel}","templated":true}]}}