{"id":3044,"date":"2016-09-17T19:22:25","date_gmt":"2016-09-17T19:22:25","guid":{"rendered":"http:\/\/sexshopzagues.com.mx\/tienda\/?post_type=product&#038;p=3044"},"modified":"2023-03-08T02:16:50","modified_gmt":"2023-03-08T02:16:50","slug":"10-function-silicone-emperor-ivory","status":"publish","type":"product","link":"https:\/\/sexshopzagues.com.mx\/tienda\/?product=10-function-silicone-emperor-ivory","title":{"rendered":"10-Function Silicone Emperor Ivory"},"content":{"rendered":"<p>Excelente vibrador sin cables y con ventosa que se adhiere a cualquier superficie lisa permiti\u00e9ndote tener diversi\u00f3n a manos libres. Cuenta con 10 intensas funciones de vibraci\u00f3n, pulsaci\u00f3n y escalas, manipuladas f\u00e1cilmente por bot\u00f3n el cual para apagarse, solo tienes que dejar presionado por 3 segundos. A prueba de agua, \u00fasalo donde quieras! Material hipoalerg\u00e9nico. Medidas: 14.5 cm x 4.5 cm<\/p>\n","protected":false},"excerpt":{"rendered":"Vibrador con base 10 funciones.","protected":false},"featured_media":3045,"comment_status":"open","ping_status":"closed","template":"","meta":[],"product_cat":[73,176,57],"product_tag":[96,75,91,118],"_links":{"self":[{"href":"https:\/\/sexshopzagues.com.mx\/tienda\/index.php?rest_route=\/wp\/v2\/product\/3044"}],"collection":[{"href":"https:\/\/sexshopzagues.com.mx\/tienda\/index.php?rest_route=\/wp\/v2\/product"}],"about":[{"href":"https:\/\/sexshopzagues.com.mx\/tienda\/index.php?rest_route=\/wp\/v2\/types\/product"}],"replies":[{"embeddable":true,"href":"https:\/\/sexshopzagues.com.mx\/tienda\/index.php?rest_route=%2Fwp%2Fv2%2Fcomments&post=3044"}],"wp:featuredmedia":[{"embeddable":true,"href":"https:\/\/sexshopzagues.com.mx\/tienda\/index.php?rest_route=\/wp\/v2\/media\/3045"}],"wp:attachment":[{"href":"https:\/\/sexshopzagues.com.mx\/tienda\/index.php?rest_route=%2Fwp%2Fv2%2Fmedia&parent=3044"}],"wp:term":[{"taxonomy":"product_cat","embeddable":true,"href":"https:\/\/sexshopzagues.com.mx\/tienda\/index.php?rest_route=%2Fwp%2Fv2%2Fproduct_cat&post=3044"},{"taxonomy":"product_tag","embeddable":true,"href":"https:\/\/sexshopzagues.com.mx\/tienda\/index.php?rest_route=%2Fwp%2Fv2%2Fproduct_tag&post=3044"}],"curies":[{"name":"wp","href":"https:\/\/api.w.org\/{rel}","templated":true}]}}