{"id":3038,"date":"2016-09-17T19:14:53","date_gmt":"2016-09-17T19:14:53","guid":{"rendered":"http:\/\/sexshopzagues.com.mx\/tienda\/?post_type=product&#038;p=3038"},"modified":"2023-03-08T02:17:35","modified_gmt":"2023-03-08T02:17:35","slug":"vivid-raw-pound-it-pussy","status":"publish","type":"product","link":"https:\/\/sexshopzagues.com.mx\/tienda\/?product=vivid-raw-pound-it-pussy","title":{"rendered":"Vivid? Raw? Pound It (Pussy)"},"content":{"rendered":"<p>Masturbador en forma de vagina. De material super realista, suave, el\u00e1stico. Canales internos ultra texturizados, para brindar una mayor sensaci\u00f3n. Anat\u00f3micamente correcto.<\/p>\n","protected":false},"excerpt":{"rendered":"Masturbador anat\u00f3micamente correcto.","protected":false},"featured_media":3039,"comment_status":"open","ping_status":"closed","template":"","meta":[],"product_cat":[66],"product_tag":[75,82],"_links":{"self":[{"href":"https:\/\/sexshopzagues.com.mx\/tienda\/index.php?rest_route=\/wp\/v2\/product\/3038"}],"collection":[{"href":"https:\/\/sexshopzagues.com.mx\/tienda\/index.php?rest_route=\/wp\/v2\/product"}],"about":[{"href":"https:\/\/sexshopzagues.com.mx\/tienda\/index.php?rest_route=\/wp\/v2\/types\/product"}],"replies":[{"embeddable":true,"href":"https:\/\/sexshopzagues.com.mx\/tienda\/index.php?rest_route=%2Fwp%2Fv2%2Fcomments&post=3038"}],"wp:featuredmedia":[{"embeddable":true,"href":"https:\/\/sexshopzagues.com.mx\/tienda\/index.php?rest_route=\/wp\/v2\/media\/3039"}],"wp:attachment":[{"href":"https:\/\/sexshopzagues.com.mx\/tienda\/index.php?rest_route=%2Fwp%2Fv2%2Fmedia&parent=3038"}],"wp:term":[{"taxonomy":"product_cat","embeddable":true,"href":"https:\/\/sexshopzagues.com.mx\/tienda\/index.php?rest_route=%2Fwp%2Fv2%2Fproduct_cat&post=3038"},{"taxonomy":"product_tag","embeddable":true,"href":"https:\/\/sexshopzagues.com.mx\/tienda\/index.php?rest_route=%2Fwp%2Fv2%2Fproduct_tag&post=3038"}],"curies":[{"name":"wp","href":"https:\/\/api.w.org\/{rel}","templated":true}]}}