{"id":3016,"date":"2016-09-17T18:57:29","date_gmt":"2016-09-17T18:57:29","guid":{"rendered":"http:\/\/sexshopzagues.com.mx\/tienda\/?post_type=product&#038;p=3016"},"modified":"2023-03-08T02:41:56","modified_gmt":"2023-03-08T02:41:56","slug":"double-diver","status":"publish","type":"product","link":"https:\/\/sexshopzagues.com.mx\/tienda\/?product=double-diver","title":{"rendered":"Double Diver"},"content":{"rendered":"<p>Anillo con dildo para doble penetraci\u00f3n (anal- vaginal), su anillo prolongar\u00e1 eyaculaci\u00f3n y mejorar\u00e1 la erecci\u00f3n, adem\u00e1s estimular\u00e1 cl\u00edtoris con su intensa vibraci\u00f3n regulable, con bala desmontable. El dildo es &#8220;vertebrado&#8221; lo cual te permite ponerlo en la posici\u00f3n que desees. Material suave y flexible. Dildo peque\u00f1o.<\/p>\n","protected":false},"excerpt":{"rendered":"Anillo con dildo para doble penetraci\u00f3n.","protected":false},"featured_media":12975,"comment_status":"open","ping_status":"closed","template":"","meta":[],"product_cat":[216,159,62,58],"product_tag":[75,97,87],"_links":{"self":[{"href":"https:\/\/sexshopzagues.com.mx\/tienda\/index.php?rest_route=\/wp\/v2\/product\/3016"}],"collection":[{"href":"https:\/\/sexshopzagues.com.mx\/tienda\/index.php?rest_route=\/wp\/v2\/product"}],"about":[{"href":"https:\/\/sexshopzagues.com.mx\/tienda\/index.php?rest_route=\/wp\/v2\/types\/product"}],"replies":[{"embeddable":true,"href":"https:\/\/sexshopzagues.com.mx\/tienda\/index.php?rest_route=%2Fwp%2Fv2%2Fcomments&post=3016"}],"wp:featuredmedia":[{"embeddable":true,"href":"https:\/\/sexshopzagues.com.mx\/tienda\/index.php?rest_route=\/wp\/v2\/media\/12975"}],"wp:attachment":[{"href":"https:\/\/sexshopzagues.com.mx\/tienda\/index.php?rest_route=%2Fwp%2Fv2%2Fmedia&parent=3016"}],"wp:term":[{"taxonomy":"product_cat","embeddable":true,"href":"https:\/\/sexshopzagues.com.mx\/tienda\/index.php?rest_route=%2Fwp%2Fv2%2Fproduct_cat&post=3016"},{"taxonomy":"product_tag","embeddable":true,"href":"https:\/\/sexshopzagues.com.mx\/tienda\/index.php?rest_route=%2Fwp%2Fv2%2Fproduct_tag&post=3016"}],"curies":[{"name":"wp","href":"https:\/\/api.w.org\/{rel}","templated":true}]}}